{"id":58,"date":"2017-08-30T10:28:22","date_gmt":"2017-08-30T10:28:22","guid":{"rendered":"http:\/\/www.cjvt.si\/euralex2018\/?page_id=58"},"modified":"2020-08-18T23:25:38","modified_gmt":"2020-08-18T22:25:38","slug":"organizacija","status":"publish","type":"page","link":"https:\/\/euralex2018.cjvt.si\/sl\/organizacija\/","title":{"rendered":"Organizacija"},"content":{"rendered":"<div class=\"flex_column av_one_fourth  flex_column_div av-zero-column-padding first  avia-builder-el-0  el_before_av_one_fourth  avia-builder-el-first  \" style='border-radius:0px; '><article  class=\"iconbox iconbox_top main_color    avia-builder-el-1  avia-builder-el-no-sibling  \"  itemscope=\"itemscope\" itemtype=\"https:\/\/schema.org\/CreativeWork\" ><div class=\"iconbox_content\"><header class=\"entry-content-header\"><a href='https:\/\/euralex2018.cjvt.si\/sl\/organizacija\/programski-odbor\/' title='programski odbor'  class=\"iconbox_icon heading-color \" aria-hidden='true' data-av_icon='\ue80b' data-av_iconfont='entypo-fontello'  ><\/a><h3 class='iconbox_content_title  '  itemprop=\"headline\"  ><a href='https:\/\/euralex2018.cjvt.si\/sl\/organizacija\/programski-odbor\/' title='programski odbor' >programski odbor<\/a><\/h3><\/header><div class='iconbox_content_container  '  itemprop=\"text\"  ><p>odgovorni za znanstveni program<\/p>\n<\/div><\/div><footer class=\"entry-footer\"><\/footer><\/article><\/div>\n<div class=\"flex_column av_one_fourth  flex_column_div av-zero-column-padding   avia-builder-el-2  el_after_av_one_fourth  el_before_av_one_fourth  \" style='border-radius:0px; '><article  class=\"iconbox iconbox_top main_color    avia-builder-el-3  avia-builder-el-no-sibling  \"  itemscope=\"itemscope\" itemtype=\"https:\/\/schema.org\/CreativeWork\" ><div class=\"iconbox_content\"><header class=\"entry-content-header\"><a href='https:\/\/euralex2018.cjvt.si\/sl\/organizacija\/organizacijski-odbor\/' title='organizacijski odbor'  class=\"iconbox_icon heading-color \" aria-hidden='true' data-av_icon='\ue856' data-av_iconfont='entypo-fontello'  ><\/a><h3 class='iconbox_content_title  '  itemprop=\"headline\"  ><a href='https:\/\/euralex2018.cjvt.si\/sl\/organizacija\/organizacijski-odbor\/' title='organizacijski odbor' >organizacijski odbor<\/a><\/h3><\/header><div class='iconbox_content_container  '  itemprop=\"text\"  ><p>predstavniki institucij, ki so zadol\u017eene za organizacijo kongresa<\/p>\n<\/div><\/div><footer class=\"entry-footer\"><\/footer><\/article><\/div>\n<div class=\"flex_column av_one_fourth  flex_column_div av-zero-column-padding   avia-builder-el-4  el_after_av_one_fourth  el_before_av_one_fifth  \" style='border-radius:0px; '><article  class=\"iconbox iconbox_top main_color    avia-builder-el-5  avia-builder-el-no-sibling  \"  itemscope=\"itemscope\" itemtype=\"https:\/\/schema.org\/CreativeWork\" ><div class=\"iconbox_content\"><header class=\"entry-content-header\"><a href='https:\/\/euralex2018.cjvt.si\/sl\/organizacija\/znanstveni-odbor\/' title='znanstveni odbor'  class=\"iconbox_icon heading-color \" aria-hidden='true' data-av_icon='\ue8c9' data-av_iconfont='entypo-fontello'  ><\/a><h3 class='iconbox_content_title  '  itemprop=\"headline\"  ><a href='https:\/\/euralex2018.cjvt.si\/sl\/organizacija\/znanstveni-odbor\/' title='znanstveni odbor' >znanstveni odbor<\/a><\/h3><\/header><div class='iconbox_content_container  '  itemprop=\"text\"  ><p>seznam recenzentov<\/p>\n<\/div><\/div><footer class=\"entry-footer\"><\/footer><\/article><\/div>\n<div class=\"flex_column av_one_fifth  flex_column_div av-zero-column-padding   avia-builder-el-6  el_after_av_one_fourth  el_before_av_hr  \" style='border-radius:0px; '><div  class='avia-builder-widget-area clearfix  avia-builder-el-7  avia-builder-el-no-sibling '><section id=\"custom_html-3\" class=\"widget_text widget clearfix widget_custom_html\"><div class=\"textwidget custom-html-widget\"><h3>Kontakt:<\/h3>\r\n<p>\r\n\t<strong>Simon Krek<\/strong>\r\n<\/p>\r\n<br>\r\n<p>\r\n\t<strong>Pi\u0161ite na:<\/strong>\r\n<\/p>\r\n<a href=\"&#x6d;&#x61;&#x69;&#x6c;&#116;&#111;&#58;eu&#x72;&#x61;&#x6c;&#x65;&#x78;&#50;&#48;&#49;8&#64;&#x73;&#x65;&#x7a;&#x6e;&#x61;&#109;&#105;&#46;cj&#x76;&#x74;&#x2e;&#x73;&#x69;\">&#x65;&#x75;&#x72;&#x61;&#108;&#101;&#120;20&#x31;&#x38;&#x40;&#x73;&#x65;&#122;&#110;&#97;mi&#x2e;&#x63;&#x6a;&#x76;&#x74;&#46;&#115;&#105;<\/a>\r\n<hr>\r\n<p>\r\n\t<strong>\u010ce se \u017eelite naro\u010diti na novice o kongresu, kliknite na spodnjo povezavo:<\/strong>\r\n<\/p>\r\n\r\n<a href=\"http:\/\/seznami.cjvt.si\/postorius\/lists\/euralex2018-news.seznami.cjvt.si\/\">Novice o Euralex 2018<\/a><\/div><span class=\"seperator extralight-border\"><\/span><\/section><\/div><\/div>\n<div  style='height:10px' class='hr hr-invisible   avia-builder-el-8  el_after_av_one_fifth  el_before_av_two_fifth '><span class='hr-inner ' ><span class='hr-inner-style'><\/span><\/span><\/div>\n<div class=\"flex_column av_two_fifth  flex_column_div first  avia-builder-el-9  el_after_av_hr  el_before_av_three_fifth  \" style='padding:70px 0px 0px 0px ; border-radius:0px; '><div   data-autoplay='false'  data-interval='5'  data-animation='slide'  class='avia-logo-element-container av-border-deactivate avia-logo-grid avia-content-slider avia-smallarrow-slider avia-content-grid-active noHover avia-content-slider1 avia-content-slider-even  avia-builder-el-10  avia-builder-el-no-sibling  ' ><div class='avia-smallarrow-slider-heading '><div class='new-special-heading'><h3 class=''>Glavni sponzorji:<\/h3><\/div><\/div><div class='avia-content-slider-inner'><div class='slide-entry-wrap' ><div  class='slide-entry flex_column no_margin post-entry slide-entry-overview slide-loop-1 slide-parity-odd  av_one_half first real-thumbnail'><a href='http:\/\/www.hornby-trust.org.uk\/' data-rel='slide-1' class='slide-image' title='' target=\"_blank\" rel=\"noopener\"><span class='av-partner-fake-img' style='padding-bottom:48%; background-image:url(https:\/\/euralex2018.cjvt.si\/wp-content\/uploads\/sites\/19\/2018\/02\/Hornby_Trust_logo-250x120-1.png);'><\/span><\/a><\/div><div  class='slide-entry flex_column no_margin post-entry slide-entry-overview slide-loop-2 slide-parity-even  av_one_half  real-thumbnail'><a href='http:\/\/www.idmgroup.com\/' data-rel='slide-1' class='slide-image' title='' target=\"_blank\" rel=\"noopener\"><span class='av-partner-fake-img' style='padding-bottom:48%; background-image:url(https:\/\/euralex2018.cjvt.si\/wp-content\/uploads\/sites\/19\/2018\/02\/idm-logo-250x120-1.png);'><\/span><\/a><\/div><\/div><div class='slide-entry-wrap' ><div  class='slide-entry flex_column no_margin post-entry slide-entry-overview slide-loop-3 slide-parity-odd  post-entry-last  av_one_half first real-thumbnail'><a href='https:\/\/elex.is\/' data-rel='slide-1' class='slide-image' title='' target=\"_blank\" rel=\"noopener\"><span class='av-partner-fake-img' style='padding-bottom:48%; background-image:url(https:\/\/euralex2018.cjvt.si\/wp-content\/uploads\/sites\/19\/2018\/04\/elexis-logo-250x120-1.png);'><\/span><\/a><\/div><\/div><\/div><\/div><\/div>\n<div class=\"flex_column av_three_fifth  flex_column_div   avia-builder-el-11  el_after_av_two_fifth  el_before_av_hr  \" style='padding:70px 0px 0px 0px ; border-radius:0px; '><div   data-autoplay='false'  data-interval='5'  data-animation='slide'  class='avia-logo-element-container av-border-deactivate avia-logo-grid avia-content-slider avia-smallarrow-slider avia-content-grid-active noHover avia-content-slider2 avia-content-slider-odd  avia-builder-el-12  avia-builder-el-no-sibling  ' ><div class='avia-smallarrow-slider-heading '><div class='new-special-heading'><h3 class=''>Sponzorji:<\/h3><\/div><\/div><div class='avia-content-slider-inner'><div class='slide-entry-wrap' ><div  class='slide-entry flex_column no_margin post-entry slide-entry-overview slide-loop-1 slide-parity-odd  av_one_third first real-thumbnail'><a href='https:\/\/www.oxforddictionaries.com\/' data-rel='slide-2' class='slide-image' title='' target=\"_blank\" rel=\"noopener\"><span class='av-partner-fake-img' style='padding-bottom:48%; background-image:url(https:\/\/euralex2018.cjvt.si\/wp-content\/uploads\/sites\/19\/2018\/02\/oxford-dictionaries-logo-250x120-1.png);'><\/span><\/a><\/div><div  class='slide-entry flex_column no_margin post-entry slide-entry-overview slide-loop-2 slide-parity-even  av_one_third  real-thumbnail'><a href='https:\/\/www.delight-office.si\/' data-rel='slide-2' class='slide-image' title='' target=\"_blank\" rel=\"noopener\"><span class='av-partner-fake-img' style='padding-bottom:48%; background-image:url(https:\/\/euralex2018.cjvt.si\/wp-content\/uploads\/sites\/19\/2018\/05\/delight-250x120-1.png);'><\/span><\/a><\/div><div  class='slide-entry flex_column no_margin post-entry slide-entry-overview slide-loop-3 slide-parity-odd  av_one_third  real-thumbnail'><a href='http:\/\/www.ff.uni-lj.si\/' data-rel='slide-2' class='slide-image' title=''  ><span class='av-partner-fake-img' style='padding-bottom:48%; background-image:url(https:\/\/euralex2018.cjvt.si\/wp-content\/uploads\/sites\/19\/2018\/06\/ff_znak_2-120.png);'><\/span><\/a><\/div><\/div><div class='slide-entry-wrap' ><div  class='slide-entry flex_column no_margin post-entry slide-entry-overview slide-loop-4 slide-parity-odd  av_one_third first real-thumbnail'><a href='http:\/\/www.clarin.si\/info\/o-projektu\/' data-rel='slide-2' class='slide-image' title='' target=\"_blank\" rel=\"noopener\"><span class='av-partner-fake-img' style='padding-bottom:48%; background-image:url(https:\/\/euralex2018.cjvt.si\/wp-content\/uploads\/sites\/19\/2018\/02\/clarin-logo-250x120-1.png);'><\/span><\/a><\/div><div  class='slide-entry flex_column no_margin post-entry slide-entry-overview slide-loop-5 slide-parity-even  av_one_third  real-thumbnail'><a href='http:\/\/www.alpineon.si\/' data-rel='slide-2' class='slide-image' title='' target=\"_blank\" rel=\"noopener\"><span class='av-partner-fake-img' style='padding-bottom:48%; background-image:url(https:\/\/euralex2018.cjvt.si\/wp-content\/uploads\/sites\/19\/2018\/02\/alpineon-logo-250x120-1.png);'><\/span><\/a><\/div><div  class='slide-entry flex_column no_margin post-entry slide-entry-overview slide-loop-6 slide-parity-odd  post-entry-last  av_one_third  real-thumbnail'><a href='https:\/\/tshwanedje.com\/' data-rel='slide-2' class='slide-image' title='' target=\"_blank\" rel=\"noopener\"><span class='av-partner-fake-img' style='padding-bottom:48%; background-image:url(https:\/\/euralex2018.cjvt.si\/wp-content\/uploads\/sites\/19\/2018\/06\/TshwaneDje-logo.png);'><\/span><\/a><\/div><\/div><\/div><\/div><\/div>\n<div   class='hr hr-default   avia-builder-el-13  el_after_av_three_fifth  el_before_av_one_fourth '><span class='hr-inner ' ><span class='hr-inner-style'><\/span><\/span><\/div>\n<div class=\"flex_column av_one_fourth  flex_column_div av-zero-column-padding first  avia-builder-el-14  el_after_av_hr  avia-builder-el-last  \" style='border-radius:0px; '><div   data-autoplay='false'  data-interval='5'  data-animation='slide'  class='avia-logo-element-container  avia-logo-slider avia-content-slider avia-smallarrow-slider avia-content-slider-active noHover avia-content-slider3 avia-content-slider-odd  avia-builder-el-15  avia-builder-el-no-sibling  ' ><div class='avia-smallarrow-slider-heading '><div class='new-special-heading'><h3 class=''>Kongres podpira:<\/h3><\/div><\/div><div class='avia-content-slider-inner'><div class='slide-entry-wrap' ><div  class='slide-entry flex_column no_margin post-entry slide-entry-overview slide-loop-1 slide-parity-odd  post-entry-last  av_fullwidth first real-thumbnail'><a href='https:\/\/globalex.link\/' data-rel='slide-3' class='slide-image' title='' target=\"_blank\" rel=\"noopener\"><span class='av-partner-fake-img' style='padding-bottom:35.333333333333%; background-image:url(https:\/\/euralex2018.cjvt.si\/wp-content\/uploads\/sites\/19\/2018\/06\/globalex_logo-300x106-1.png);'><\/span><\/a><\/div><\/div><\/div><\/div><\/div>\n","protected":false},"excerpt":{"rendered":"","protected":false},"author":6,"featured_media":0,"parent":0,"menu_order":0,"comment_status":"closed","ping_status":"closed","template":"","meta":{"_acf_changed":false,"_relevanssi_hide_post":"","_relevanssi_hide_content":"","_relevanssi_pin_for_all":"","_relevanssi_pin_keywords":"","_relevanssi_unpin_keywords":"","_relevanssi_related_keywords":"","_relevanssi_related_include_ids":"","_relevanssi_related_exclude_ids":"","_relevanssi_related_no_append":"","_relevanssi_related_not_related":"","_relevanssi_related_posts":"","_relevanssi_noindex_reason":"","inline_featured_image":false,"episode_type":"","audio_file":"","podmotor_file_id":"","podmotor_episode_id":"","cover_image":"","cover_image_id":"","duration":"","filesize":"","filesize_raw":"","date_recorded":"","explicit":"","block":"","itunes_episode_number":"","itunes_title":"","itunes_season_number":"","itunes_episode_type":"","footnotes":""},"class_list":["post-58","page","type-page","status-publish","hentry"],"acf":[],"yoast_head":"<!-- This site is optimized with the Yoast SEO plugin v27.3 - https:\/\/yoast.com\/product\/yoast-seo-wordpress\/ -->\n<title>Organizacija - Euralex 2018<\/title>\n<meta name=\"robots\" content=\"index, follow, max-snippet:-1, max-image-preview:large, max-video-preview:-1\" \/>\n<link rel=\"canonical\" href=\"https:\/\/euralex2018.cjvt.si\/sl\/organizacija\/\" \/>\n<meta property=\"og:locale\" content=\"sl_SI\" \/>\n<meta property=\"og:type\" content=\"article\" \/>\n<meta property=\"og:title\" content=\"Organizacija - Euralex 2018\" \/>\n<meta property=\"og:url\" content=\"https:\/\/euralex2018.cjvt.si\/sl\/organizacija\/\" \/>\n<meta property=\"og:site_name\" content=\"Euralex 2018\" \/>\n<meta property=\"article:modified_time\" content=\"2020-08-18T22:25:38+00:00\" \/>\n<meta name=\"twitter:card\" content=\"summary_large_image\" \/>\n<meta name=\"twitter:label1\" content=\"Est. reading time\" \/>\n\t<meta name=\"twitter:data1\" content=\"5 minut\" \/>\n<script type=\"application\/ld+json\" class=\"yoast-schema-graph\">{\"@context\":\"https:\\\/\\\/schema.org\",\"@graph\":[{\"@type\":\"WebPage\",\"@id\":\"https:\\\/\\\/euralex2018.cjvt.si\\\/sl\\\/organizacija\\\/\",\"url\":\"https:\\\/\\\/euralex2018.cjvt.si\\\/sl\\\/organizacija\\\/\",\"name\":\"Organizacija - Euralex 2018\",\"isPartOf\":{\"@id\":\"https:\\\/\\\/euralex2018.cjvt.si\\\/sl\\\/#website\"},\"datePublished\":\"2017-08-30T10:28:22+00:00\",\"dateModified\":\"2020-08-18T22:25:38+00:00\",\"breadcrumb\":{\"@id\":\"https:\\\/\\\/euralex2018.cjvt.si\\\/sl\\\/organizacija\\\/#breadcrumb\"},\"inLanguage\":\"sl-SI\",\"potentialAction\":[{\"@type\":\"ReadAction\",\"target\":[\"https:\\\/\\\/euralex2018.cjvt.si\\\/sl\\\/organizacija\\\/\"]}]},{\"@type\":\"BreadcrumbList\",\"@id\":\"https:\\\/\\\/euralex2018.cjvt.si\\\/sl\\\/organizacija\\\/#breadcrumb\",\"itemListElement\":[{\"@type\":\"ListItem\",\"position\":1,\"name\":\"Home\",\"item\":\"https:\\\/\\\/euralex2018.cjvt.si\\\/sl\\\/\"},{\"@type\":\"ListItem\",\"position\":2,\"name\":\"Organizacija\"}]},{\"@type\":\"WebSite\",\"@id\":\"https:\\\/\\\/euralex2018.cjvt.si\\\/sl\\\/#website\",\"url\":\"https:\\\/\\\/euralex2018.cjvt.si\\\/sl\\\/\",\"name\":\"Euralex 2018\",\"description\":\"Euralex 2018\",\"potentialAction\":[{\"@type\":\"SearchAction\",\"target\":{\"@type\":\"EntryPoint\",\"urlTemplate\":\"https:\\\/\\\/euralex2018.cjvt.si\\\/sl\\\/?s={search_term_string}\"},\"query-input\":{\"@type\":\"PropertyValueSpecification\",\"valueRequired\":true,\"valueName\":\"search_term_string\"}}],\"inLanguage\":\"sl-SI\"}]}<\/script>\n<!-- \/ Yoast SEO plugin. -->","yoast_head_json":{"title":"Organizacija - Euralex 2018","robots":{"index":"index","follow":"follow","max-snippet":"max-snippet:-1","max-image-preview":"max-image-preview:large","max-video-preview":"max-video-preview:-1"},"canonical":"https:\/\/euralex2018.cjvt.si\/sl\/organizacija\/","og_locale":"sl_SI","og_type":"article","og_title":"Organizacija - Euralex 2018","og_url":"https:\/\/euralex2018.cjvt.si\/sl\/organizacija\/","og_site_name":"Euralex 2018","article_modified_time":"2020-08-18T22:25:38+00:00","twitter_card":"summary_large_image","twitter_misc":{"Est. reading time":"5 minut"},"schema":{"@context":"https:\/\/schema.org","@graph":[{"@type":"WebPage","@id":"https:\/\/euralex2018.cjvt.si\/sl\/organizacija\/","url":"https:\/\/euralex2018.cjvt.si\/sl\/organizacija\/","name":"Organizacija - Euralex 2018","isPartOf":{"@id":"https:\/\/euralex2018.cjvt.si\/sl\/#website"},"datePublished":"2017-08-30T10:28:22+00:00","dateModified":"2020-08-18T22:25:38+00:00","breadcrumb":{"@id":"https:\/\/euralex2018.cjvt.si\/sl\/organizacija\/#breadcrumb"},"inLanguage":"sl-SI","potentialAction":[{"@type":"ReadAction","target":["https:\/\/euralex2018.cjvt.si\/sl\/organizacija\/"]}]},{"@type":"BreadcrumbList","@id":"https:\/\/euralex2018.cjvt.si\/sl\/organizacija\/#breadcrumb","itemListElement":[{"@type":"ListItem","position":1,"name":"Home","item":"https:\/\/euralex2018.cjvt.si\/sl\/"},{"@type":"ListItem","position":2,"name":"Organizacija"}]},{"@type":"WebSite","@id":"https:\/\/euralex2018.cjvt.si\/sl\/#website","url":"https:\/\/euralex2018.cjvt.si\/sl\/","name":"Euralex 2018","description":"Euralex 2018","potentialAction":[{"@type":"SearchAction","target":{"@type":"EntryPoint","urlTemplate":"https:\/\/euralex2018.cjvt.si\/sl\/?s={search_term_string}"},"query-input":{"@type":"PropertyValueSpecification","valueRequired":true,"valueName":"search_term_string"}}],"inLanguage":"sl-SI"}]}},"_links":{"self":[{"href":"https:\/\/euralex2018.cjvt.si\/sl\/wp-json\/wp\/v2\/pages\/58","targetHints":{"allow":["GET"]}}],"collection":[{"href":"https:\/\/euralex2018.cjvt.si\/sl\/wp-json\/wp\/v2\/pages"}],"about":[{"href":"https:\/\/euralex2018.cjvt.si\/sl\/wp-json\/wp\/v2\/types\/page"}],"author":[{"embeddable":true,"href":"https:\/\/euralex2018.cjvt.si\/sl\/wp-json\/wp\/v2\/users\/6"}],"replies":[{"embeddable":true,"href":"https:\/\/euralex2018.cjvt.si\/sl\/wp-json\/wp\/v2\/comments?post=58"}],"version-history":[{"count":2,"href":"https:\/\/euralex2018.cjvt.si\/sl\/wp-json\/wp\/v2\/pages\/58\/revisions"}],"predecessor-version":[{"id":3889,"href":"https:\/\/euralex2018.cjvt.si\/sl\/wp-json\/wp\/v2\/pages\/58\/revisions\/3889"}],"wp:attachment":[{"href":"https:\/\/euralex2018.cjvt.si\/sl\/wp-json\/wp\/v2\/media?parent=58"}],"curies":[{"name":"wp","href":"https:\/\/api.w.org\/{rel}","templated":true}]}}