{"id":2986,"date":"2018-06-26T07:46:08","date_gmt":"2018-06-26T07:46:08","guid":{"rendered":"http:\/\/euralex2018.cjvt.si\/?page_id=2986"},"modified":"2020-08-18T23:14:11","modified_gmt":"2020-08-18T22:14:11","slug":"voznja-z-ladjico","status":"publish","type":"page","link":"https:\/\/euralex2018.cjvt.si\/sl\/voznja-z-ladjico\/","title":{"rendered":"Sprehod po starem mestnem jedru Ljubljane in vo\u017enja z ladjico"},"content":{"rendered":"<div class=\"flex_column av_three_fourth  flex_column_div av-zero-column-padding first  avia-builder-el-0  el_before_av_one_fourth  avia-builder-el-first  \" style='border-radius:0px; '><p><div  style='padding-bottom:10px; ' class='av-special-heading av-special-heading-h3    avia-builder-el-1  el_before_av_textblock  avia-builder-el-first  '><h3 class='av-special-heading-tag '  itemprop=\"headline\"  >Sprehod po starem mestnem jedru Ljubljane in vo\u017enja z ladjico <\/h3><div class='special-heading-border'><div class='special-heading-inner-border' ><\/div><\/div><\/div><br \/>\n<section class=\"av_textblock_section \"  itemscope=\"itemscope\" itemtype=\"https:\/\/schema.org\/CreativeWork\" ><div class='avia_textblock  '   itemprop=\"text\" ><p><strong>Datum:<\/strong> 18. julij 2018<br \/>\n<strong>Pri\u010detek:<\/strong> ob 18. uri, trajanje 2 uri<br \/>\n<strong>Zbirno mesto:<\/strong> Pre\u0161ernov trg, 4 skupine po 30 udele\u017eencev<br \/>\n<strong>Prijava:<\/strong> ob registraciji (\u0161tevilo mest je omejeno)<\/p>\n<p>Vodenje je brezpla\u010dno in bo potekalo v angle\u0161kem jeziku.<\/p>\n<\/div><\/section><br \/>\n<div  class='avia-gallery  avia-gallery-1 avia_lazyload avia-gallery-animate avia_animate_when_visible  avia-builder-el-3  el_after_av_textblock  el_before_av_textblock '  itemprop=\"image\" itemscope=\"itemscope\" itemtype=\"https:\/\/schema.org\/ImageObject\" ><div class='avia-gallery-thumb'> <a href='https:\/\/euralex2018.cjvt.si\/wp-content\/uploads\/sites\/19\/2018\/06\/Ljubljanica-river_1.jpg' data-rel='gallery-1' data-prev-img='https:\/\/euralex2018.cjvt.si\/wp-content\/uploads\/sites\/19\/2018\/06\/Ljubljanica-river_1.jpg' class='first_thumb lightbox ' data-onclick='1' title=''  itemprop=\"thumbnailUrl\" ><img  src='https:\/\/euralex2018.cjvt.si\/wp-content\/uploads\/sites\/19\/2018\/06\/Ljubljanica-river_1.jpg' width='266' height='190'  title='Ljubljanica river_1' alt='' \/><\/a> <a href='https:\/\/euralex2018.cjvt.si\/wp-content\/uploads\/sites\/19\/2018\/06\/Ljubljanica-river_2.jpg' data-rel='gallery-1' data-prev-img='https:\/\/euralex2018.cjvt.si\/wp-content\/uploads\/sites\/19\/2018\/06\/Ljubljanica-river_2.jpg' class='lightbox ' data-onclick='2' title=''  itemprop=\"thumbnailUrl\" ><img  src='https:\/\/euralex2018.cjvt.si\/wp-content\/uploads\/sites\/19\/2018\/06\/Ljubljanica-river_2.jpg' width='224' height='225'  title='Ljubljanica river_2' alt='' \/><\/a> <a href='https:\/\/euralex2018.cjvt.si\/wp-content\/uploads\/sites\/19\/2018\/06\/Ljubljanica-river_3.jpg' data-rel='gallery-1' data-prev-img='https:\/\/euralex2018.cjvt.si\/wp-content\/uploads\/sites\/19\/2018\/06\/Ljubljanica-river_3.jpg' class='lightbox ' data-onclick='3' title=''  itemprop=\"thumbnailUrl\" ><img  src='https:\/\/euralex2018.cjvt.si\/wp-content\/uploads\/sites\/19\/2018\/06\/Ljubljanica-river_3.jpg' width='272' height='185'  title='Ljubljanica river_3' alt='' \/><\/a> <a href='https:\/\/euralex2018.cjvt.si\/wp-content\/uploads\/sites\/19\/2018\/06\/old-city_1.jpg' data-rel='gallery-1' data-prev-img='https:\/\/euralex2018.cjvt.si\/wp-content\/uploads\/sites\/19\/2018\/06\/old-city_1.jpg' class='lightbox ' data-onclick='4' title=''  itemprop=\"thumbnailUrl\" ><img  src='https:\/\/euralex2018.cjvt.si\/wp-content\/uploads\/sites\/19\/2018\/06\/old-city_1.jpg' width='259' height='194'  title='old city_1' alt='' \/><\/a> <a href='https:\/\/euralex2018.cjvt.si\/wp-content\/uploads\/sites\/19\/2018\/06\/Preseren-square.jpg' data-rel='gallery-1' data-prev-img='https:\/\/euralex2018.cjvt.si\/wp-content\/uploads\/sites\/19\/2018\/06\/Preseren-square.jpg' class='lightbox ' data-onclick='5' title=''  itemprop=\"thumbnailUrl\" ><img  src='https:\/\/euralex2018.cjvt.si\/wp-content\/uploads\/sites\/19\/2018\/06\/Preseren-square.jpg' width='266' height='190'  title='Preseren square' alt='' \/><\/a><\/div><\/div><br \/>\n<section class=\"av_textblock_section \"  itemscope=\"itemscope\" itemtype=\"https:\/\/schema.org\/CreativeWork\" ><div class='avia_textblock  '   itemprop=\"text\" ><p style=\"text-align: justify;\">Vodeni ogled se bo za\u010del na Pre\u0161ernovem trgu in se bo nadaljeval po starem mestnem jedru, zaznamovanem s svojevrstno arhitekturno podobo, ki sta jo deloma zaznamovala barok in secesija, predvsem pa stvaritve slovitega arhitekta Jo\u017eeta Ple\u010dnika. V okviru ogleda se bomo ustavili v eni od ljubljanskih restavracij na manj\u0161i poku\u0161ini tradicionalnih slovenskih jedi. Z ladjice na Ljubljanici boste lahko do\u017eiveli staro mestno jedro z znamenitimi mostovi, slikovitimi pro\u010delji stavb in nabre\u017eji z druge perspektive. Ladjica vas bo popeljala na kro\u017eno vo\u017enjo med znamenito Ple\u010dnikovo zapornico in nabre\u017ejem na \u0160pici.<\/p>\n<\/div><\/section><\/p><\/div><div class=\"flex_column av_one_fourth  flex_column_div av-zero-column-padding   avia-builder-el-5  el_after_av_three_fourth  el_before_av_hr  \" style='border-radius:0px; '><div  class='avia-builder-widget-area clearfix  avia-builder-el-6  avia-builder-el-no-sibling '><section id=\"newsbox-3\" class=\"widget clearfix newsbox\"><h3 class=\"widgettitle\">Latest news:<\/h3><span class=\"seperator extralight-border\"><\/span><\/section><\/div><\/div><\/p>\n<div  style='height:5px' class='hr hr-invisible   avia-builder-el-7  el_after_av_one_fourth  el_before_av_two_fifth '><span class='hr-inner ' ><span class='hr-inner-style'><\/span><\/span><\/div>\n<div class=\"flex_column av_two_fifth  flex_column_div first  avia-builder-el-8  el_after_av_hr  el_before_av_three_fifth  \" style='padding:70px 0px 0px 0px ; border-radius:0px; '><div   data-autoplay='false'  data-interval='5'  data-animation='slide'  class='avia-logo-element-container av-border-deactivate avia-logo-grid avia-content-slider avia-smallarrow-slider avia-content-grid-active noHover avia-content-slider1 avia-content-slider-even  avia-builder-el-9  avia-builder-el-no-sibling  ' ><div class='avia-smallarrow-slider-heading '><div class='new-special-heading'><h3 class=''>Glavni sponzorji:<\/h3><\/div><\/div><div class='avia-content-slider-inner'><div class='slide-entry-wrap' ><div  class='slide-entry flex_column no_margin post-entry slide-entry-overview slide-loop-1 slide-parity-odd  av_one_half first real-thumbnail'><a href='http:\/\/www.hornby-trust.org.uk\/' data-rel='slide-1' class='slide-image' title='' target=\"_blank\" rel=\"noopener\"><span class='av-partner-fake-img' style='padding-bottom:48%; background-image:url(https:\/\/euralex2018.cjvt.si\/wp-content\/uploads\/sites\/19\/2018\/02\/Hornby_Trust_logo-250x120-1.png);'><\/span><\/a><\/div><div  class='slide-entry flex_column no_margin post-entry slide-entry-overview slide-loop-2 slide-parity-even  av_one_half  real-thumbnail'><a href='http:\/\/www.idmgroup.com\/' data-rel='slide-1' class='slide-image' title='' target=\"_blank\" rel=\"noopener\"><span class='av-partner-fake-img' style='padding-bottom:48%; background-image:url(https:\/\/euralex2018.cjvt.si\/wp-content\/uploads\/sites\/19\/2018\/02\/idm-logo-250x120-1.png);'><\/span><\/a><\/div><\/div><div class='slide-entry-wrap' ><div  class='slide-entry flex_column no_margin post-entry slide-entry-overview slide-loop-3 slide-parity-odd  post-entry-last  av_one_half first real-thumbnail'><a href='https:\/\/elex.is\/' data-rel='slide-1' class='slide-image' title='' target=\"_blank\" rel=\"noopener\"><span class='av-partner-fake-img' style='padding-bottom:48%; background-image:url(https:\/\/euralex2018.cjvt.si\/wp-content\/uploads\/sites\/19\/2018\/04\/elexis-logo-250x120-1.png);'><\/span><\/a><\/div><\/div><\/div><\/div><\/div>\n<div class=\"flex_column av_three_fifth  flex_column_div   avia-builder-el-10  el_after_av_two_fifth  el_before_av_hr  \" style='padding:70px 0px 0px 0px ; border-radius:0px; '><div   data-autoplay='false'  data-interval='5'  data-animation='slide'  class='avia-logo-element-container av-border-deactivate avia-logo-grid avia-content-slider avia-smallarrow-slider avia-content-grid-active noHover avia-content-slider2 avia-content-slider-odd  avia-builder-el-11  avia-builder-el-no-sibling  ' ><div class='avia-smallarrow-slider-heading '><div class='new-special-heading'><h3 class=''>Sponzorji:<\/h3><\/div><\/div><div class='avia-content-slider-inner'><div class='slide-entry-wrap' ><div  class='slide-entry flex_column no_margin post-entry slide-entry-overview slide-loop-1 slide-parity-odd  av_one_third first real-thumbnail'><a href='https:\/\/www.oxforddictionaries.com\/' data-rel='slide-2' class='slide-image' title='' target=\"_blank\" rel=\"noopener\"><span class='av-partner-fake-img' style='padding-bottom:48%; background-image:url(https:\/\/euralex2018.cjvt.si\/wp-content\/uploads\/sites\/19\/2018\/02\/oxford-dictionaries-logo-250x120-1.png);'><\/span><\/a><\/div><div  class='slide-entry flex_column no_margin post-entry slide-entry-overview slide-loop-2 slide-parity-even  av_one_third  real-thumbnail'><a href='https:\/\/www.delight-office.si\/' data-rel='slide-2' class='slide-image' title='' target=\"_blank\" rel=\"noopener\"><span class='av-partner-fake-img' style='padding-bottom:48%; background-image:url(https:\/\/euralex2018.cjvt.si\/wp-content\/uploads\/sites\/19\/2018\/05\/delight-250x120-1.png);'><\/span><\/a><\/div><div  class='slide-entry flex_column no_margin post-entry slide-entry-overview slide-loop-3 slide-parity-odd  av_one_third  real-thumbnail'><a href='http:\/\/www.ff.uni-lj.si\/' data-rel='slide-2' class='slide-image' title=''  ><span class='av-partner-fake-img' style='padding-bottom:48%; background-image:url(https:\/\/euralex2018.cjvt.si\/wp-content\/uploads\/sites\/19\/2018\/06\/ff_znak_2-120.png);'><\/span><\/a><\/div><\/div><div class='slide-entry-wrap' ><div  class='slide-entry flex_column no_margin post-entry slide-entry-overview slide-loop-4 slide-parity-odd  av_one_third first real-thumbnail'><a href='http:\/\/www.clarin.si\/info\/o-projektu\/' data-rel='slide-2' class='slide-image' title='' target=\"_blank\" rel=\"noopener\"><span class='av-partner-fake-img' style='padding-bottom:48%; background-image:url(https:\/\/euralex2018.cjvt.si\/wp-content\/uploads\/sites\/19\/2018\/02\/clarin-logo-250x120-1.png);'><\/span><\/a><\/div><div  class='slide-entry flex_column no_margin post-entry slide-entry-overview slide-loop-5 slide-parity-even  av_one_third  real-thumbnail'><a href='http:\/\/www.alpineon.si\/' data-rel='slide-2' class='slide-image' title='' target=\"_blank\" rel=\"noopener\"><span class='av-partner-fake-img' style='padding-bottom:48%; background-image:url(https:\/\/euralex2018.cjvt.si\/wp-content\/uploads\/sites\/19\/2018\/02\/alpineon-logo-250x120-1.png);'><\/span><\/a><\/div><div  class='slide-entry flex_column no_margin post-entry slide-entry-overview slide-loop-6 slide-parity-odd  post-entry-last  av_one_third  real-thumbnail'><a href='https:\/\/tshwanedje.com\/' data-rel='slide-2' class='slide-image' title='' target=\"_blank\" rel=\"noopener\"><span class='av-partner-fake-img' style='padding-bottom:48%; background-image:url(https:\/\/euralex2018.cjvt.si\/wp-content\/uploads\/sites\/19\/2018\/06\/TshwaneDje-logo.png);'><\/span><\/a><\/div><\/div><\/div><\/div><\/div>\n<div   class='hr hr-default   avia-builder-el-12  el_after_av_three_fifth  el_before_av_one_fourth '><span class='hr-inner ' ><span class='hr-inner-style'><\/span><\/span><\/div>\n<div class=\"flex_column av_one_fourth  flex_column_div av-zero-column-padding first  avia-builder-el-13  el_after_av_hr  avia-builder-el-last  \" style='border-radius:0px; '><div   data-autoplay='false'  data-interval='5'  data-animation='slide'  class='avia-logo-element-container  avia-logo-slider avia-content-slider avia-smallarrow-slider avia-content-slider-active noHover avia-content-slider3 avia-content-slider-odd  avia-builder-el-14  avia-builder-el-no-sibling  ' ><div class='avia-smallarrow-slider-heading '><div class='new-special-heading'><h3 class=''>Kongres podpira:<\/h3><\/div><\/div><div class='avia-content-slider-inner'><div class='slide-entry-wrap' ><div  class='slide-entry flex_column no_margin post-entry slide-entry-overview slide-loop-1 slide-parity-odd  post-entry-last  av_fullwidth first real-thumbnail'><a href='https:\/\/globalex.link\/' data-rel='slide-3' class='slide-image' title='' target=\"_blank\" rel=\"noopener\"><span class='av-partner-fake-img' style='padding-bottom:35.333333333333%; background-image:url(https:\/\/euralex2018.cjvt.si\/wp-content\/uploads\/sites\/19\/2018\/06\/globalex_logo-300x106-1.png);'><\/span><\/a><\/div><\/div><\/div><\/div><\/div>\n","protected":false},"excerpt":{"rendered":"","protected":false},"author":1,"featured_media":0,"parent":0,"menu_order":0,"comment_status":"closed","ping_status":"closed","template":"","meta":{"_acf_changed":false,"_relevanssi_hide_post":"","_relevanssi_hide_content":"","_relevanssi_pin_for_all":"","_relevanssi_pin_keywords":"","_relevanssi_unpin_keywords":"","_relevanssi_related_keywords":"","_relevanssi_related_include_ids":"","_relevanssi_related_exclude_ids":"","_relevanssi_related_no_append":"","_relevanssi_related_not_related":"","_relevanssi_related_posts":"","_relevanssi_noindex_reason":"","inline_featured_image":false,"episode_type":"","audio_file":"","podmotor_file_id":"","podmotor_episode_id":"","cover_image":"","cover_image_id":"","duration":"","filesize":"","filesize_raw":"","date_recorded":"","explicit":"","block":"","itunes_episode_number":"","itunes_title":"","itunes_season_number":"","itunes_episode_type":"","footnotes":""},"class_list":["post-2986","page","type-page","status-publish","hentry"],"acf":[],"yoast_head":"<!-- This site is optimized with the Yoast SEO plugin v27.3 - https:\/\/yoast.com\/product\/yoast-seo-wordpress\/ -->\n<title>Sprehod po starem mestnem jedru Ljubljane in vo\u017enja z ladjico - Euralex 2018<\/title>\n<meta name=\"robots\" content=\"index, follow, max-snippet:-1, max-image-preview:large, max-video-preview:-1\" \/>\n<link rel=\"canonical\" href=\"https:\/\/euralex2018.cjvt.si\/sl\/voznja-z-ladjico\/\" \/>\n<meta property=\"og:locale\" content=\"sl_SI\" \/>\n<meta property=\"og:type\" content=\"article\" \/>\n<meta property=\"og:title\" content=\"Sprehod po starem mestnem jedru Ljubljane in vo\u017enja z ladjico - Euralex 2018\" \/>\n<meta property=\"og:url\" content=\"https:\/\/euralex2018.cjvt.si\/sl\/voznja-z-ladjico\/\" \/>\n<meta property=\"og:site_name\" content=\"Euralex 2018\" \/>\n<meta property=\"article:modified_time\" content=\"2020-08-18T22:14:11+00:00\" \/>\n<meta name=\"twitter:card\" content=\"summary_large_image\" \/>\n<meta name=\"twitter:label1\" content=\"Est. reading time\" \/>\n\t<meta name=\"twitter:data1\" content=\"4 minute\" \/>\n<script type=\"application\/ld+json\" class=\"yoast-schema-graph\">{\"@context\":\"https:\\\/\\\/schema.org\",\"@graph\":[{\"@type\":\"WebPage\",\"@id\":\"https:\\\/\\\/euralex2018.cjvt.si\\\/sl\\\/voznja-z-ladjico\\\/\",\"url\":\"https:\\\/\\\/euralex2018.cjvt.si\\\/sl\\\/voznja-z-ladjico\\\/\",\"name\":\"Sprehod po starem mestnem jedru Ljubljane in vo\u017enja z ladjico - Euralex 2018\",\"isPartOf\":{\"@id\":\"https:\\\/\\\/euralex2018.cjvt.si\\\/sl\\\/#website\"},\"datePublished\":\"2018-06-26T07:46:08+00:00\",\"dateModified\":\"2020-08-18T22:14:11+00:00\",\"breadcrumb\":{\"@id\":\"https:\\\/\\\/euralex2018.cjvt.si\\\/sl\\\/voznja-z-ladjico\\\/#breadcrumb\"},\"inLanguage\":\"sl-SI\",\"potentialAction\":[{\"@type\":\"ReadAction\",\"target\":[\"https:\\\/\\\/euralex2018.cjvt.si\\\/sl\\\/voznja-z-ladjico\\\/\"]}]},{\"@type\":\"BreadcrumbList\",\"@id\":\"https:\\\/\\\/euralex2018.cjvt.si\\\/sl\\\/voznja-z-ladjico\\\/#breadcrumb\",\"itemListElement\":[{\"@type\":\"ListItem\",\"position\":1,\"name\":\"Home\",\"item\":\"https:\\\/\\\/euralex2018.cjvt.si\\\/sl\\\/\"},{\"@type\":\"ListItem\",\"position\":2,\"name\":\"Sprehod po starem mestnem jedru Ljubljane in vo\u017enja z ladjico\"}]},{\"@type\":\"WebSite\",\"@id\":\"https:\\\/\\\/euralex2018.cjvt.si\\\/sl\\\/#website\",\"url\":\"https:\\\/\\\/euralex2018.cjvt.si\\\/sl\\\/\",\"name\":\"Euralex 2018\",\"description\":\"Euralex 2018\",\"potentialAction\":[{\"@type\":\"SearchAction\",\"target\":{\"@type\":\"EntryPoint\",\"urlTemplate\":\"https:\\\/\\\/euralex2018.cjvt.si\\\/sl\\\/?s={search_term_string}\"},\"query-input\":{\"@type\":\"PropertyValueSpecification\",\"valueRequired\":true,\"valueName\":\"search_term_string\"}}],\"inLanguage\":\"sl-SI\"}]}<\/script>\n<!-- \/ Yoast SEO plugin. -->","yoast_head_json":{"title":"Sprehod po starem mestnem jedru Ljubljane in vo\u017enja z ladjico - Euralex 2018","robots":{"index":"index","follow":"follow","max-snippet":"max-snippet:-1","max-image-preview":"max-image-preview:large","max-video-preview":"max-video-preview:-1"},"canonical":"https:\/\/euralex2018.cjvt.si\/sl\/voznja-z-ladjico\/","og_locale":"sl_SI","og_type":"article","og_title":"Sprehod po starem mestnem jedru Ljubljane in vo\u017enja z ladjico - Euralex 2018","og_url":"https:\/\/euralex2018.cjvt.si\/sl\/voznja-z-ladjico\/","og_site_name":"Euralex 2018","article_modified_time":"2020-08-18T22:14:11+00:00","twitter_card":"summary_large_image","twitter_misc":{"Est. reading time":"4 minute"},"schema":{"@context":"https:\/\/schema.org","@graph":[{"@type":"WebPage","@id":"https:\/\/euralex2018.cjvt.si\/sl\/voznja-z-ladjico\/","url":"https:\/\/euralex2018.cjvt.si\/sl\/voznja-z-ladjico\/","name":"Sprehod po starem mestnem jedru Ljubljane in vo\u017enja z ladjico - Euralex 2018","isPartOf":{"@id":"https:\/\/euralex2018.cjvt.si\/sl\/#website"},"datePublished":"2018-06-26T07:46:08+00:00","dateModified":"2020-08-18T22:14:11+00:00","breadcrumb":{"@id":"https:\/\/euralex2018.cjvt.si\/sl\/voznja-z-ladjico\/#breadcrumb"},"inLanguage":"sl-SI","potentialAction":[{"@type":"ReadAction","target":["https:\/\/euralex2018.cjvt.si\/sl\/voznja-z-ladjico\/"]}]},{"@type":"BreadcrumbList","@id":"https:\/\/euralex2018.cjvt.si\/sl\/voznja-z-ladjico\/#breadcrumb","itemListElement":[{"@type":"ListItem","position":1,"name":"Home","item":"https:\/\/euralex2018.cjvt.si\/sl\/"},{"@type":"ListItem","position":2,"name":"Sprehod po starem mestnem jedru Ljubljane in vo\u017enja z ladjico"}]},{"@type":"WebSite","@id":"https:\/\/euralex2018.cjvt.si\/sl\/#website","url":"https:\/\/euralex2018.cjvt.si\/sl\/","name":"Euralex 2018","description":"Euralex 2018","potentialAction":[{"@type":"SearchAction","target":{"@type":"EntryPoint","urlTemplate":"https:\/\/euralex2018.cjvt.si\/sl\/?s={search_term_string}"},"query-input":{"@type":"PropertyValueSpecification","valueRequired":true,"valueName":"search_term_string"}}],"inLanguage":"sl-SI"}]}},"_links":{"self":[{"href":"https:\/\/euralex2018.cjvt.si\/sl\/wp-json\/wp\/v2\/pages\/2986","targetHints":{"allow":["GET"]}}],"collection":[{"href":"https:\/\/euralex2018.cjvt.si\/sl\/wp-json\/wp\/v2\/pages"}],"about":[{"href":"https:\/\/euralex2018.cjvt.si\/sl\/wp-json\/wp\/v2\/types\/page"}],"author":[{"embeddable":true,"href":"https:\/\/euralex2018.cjvt.si\/sl\/wp-json\/wp\/v2\/users\/1"}],"replies":[{"embeddable":true,"href":"https:\/\/euralex2018.cjvt.si\/sl\/wp-json\/wp\/v2\/comments?post=2986"}],"version-history":[{"count":2,"href":"https:\/\/euralex2018.cjvt.si\/sl\/wp-json\/wp\/v2\/pages\/2986\/revisions"}],"predecessor-version":[{"id":3919,"href":"https:\/\/euralex2018.cjvt.si\/sl\/wp-json\/wp\/v2\/pages\/2986\/revisions\/3919"}],"wp:attachment":[{"href":"https:\/\/euralex2018.cjvt.si\/sl\/wp-json\/wp\/v2\/media?parent=2986"}],"curies":[{"name":"wp","href":"https:\/\/api.w.org\/{rel}","templated":true}]}}