{"id":2229,"date":"2018-04-06T15:55:06","date_gmt":"2018-04-06T15:55:06","guid":{"rendered":"http:\/\/euralex2018.cjvt.si\/?page_id=2229"},"modified":"2020-08-19T00:00:15","modified_gmt":"2020-08-18T23:00:15","slug":"spremljevalni-dogodki","status":"publish","type":"page","link":"https:\/\/euralex2018.cjvt.si\/sl\/program\/spremljevalni-dogodki\/","title":{"rendered":"Spremljevalni dogodki"},"content":{"rendered":"<div  style='padding-bottom:10px; ' class='av-special-heading av-special-heading-h3    avia-builder-el-0  el_before_av_hr  avia-builder-el-first  '><h3 class='av-special-heading-tag '  itemprop=\"headline\"  >Spremljevalni dogodki<\/h3><div class='special-heading-border'><div class='special-heading-inner-border' ><\/div><\/div><\/div>\n<div  style='height:15px' class='hr hr-invisible   avia-builder-el-1  el_after_av_heading  el_before_av_three_fifth '><span class='hr-inner ' ><span class='hr-inner-style'><\/span><\/span><\/div>\n<div class='flex_column_table av-equal-height-column-flextable -flextable' style='margin-top:10px; margin-bottom:0px; '><div class=\"flex_column av_three_fifth  flex_column_table_cell av-equal-height-column av-align-top first  avia-builder-el-2  el_after_av_hr  el_before_av_two_fifth  \" style='padding:12px 0px 0px 0px ; border-radius:0px; '><p><div  style='padding-bottom:10px; ' class='av-special-heading av-special-heading-h3    avia-builder-el-3  el_before_av_textblock  avia-builder-el-first  '><h3 class='av-special-heading-tag '  itemprop=\"headline\"  >Delavnica wnlex<\/h3><div class='special-heading-border'><div class='special-heading-inner-border' ><\/div><\/div><\/div><br \/>\n<section class=\"av_textblock_section \"  itemscope=\"itemscope\" itemtype=\"https:\/\/schema.org\/CreativeWork\" ><div class='avia_textblock  '   itemprop=\"text\" ><p style=\"font-weight: 400; text-align: justify;\"><strong>Delavnica wnlex: WordNet kot leksikografski vir<\/strong><\/p>\n<p style=\"font-weight: 400; text-align: justify;\">Datum:\u00a0<strong>16. julij 2018<\/strong><\/p>\n<p style=\"text-align: justify;\">Lokacija:\u00a0<strong>Filozofska fakulteta<\/strong>, Univerza v Ljubljani, <a href=\"https:\/\/www.google.si\/maps\/place\/Filozofska+fakulteta+Univerze+v+Ljubljani\/@46.0467678,14.4981283,17z\/data=!3m1!4b1!4m5!3m4!1s0x47652d6666114239:0xaee558fc1153eca1!8m2!3d46.0467641!4d14.500317\">A\u0161ker\u010deva cesta 2, Ljubljana<\/a><a href=\"https:\/\/maps.google.com\/?q=Ljubljana,++A%C5%A1ker%C4%8Deva+cesta+2,+Ljubljana+,+Slovenia&amp;entry=gmail&amp;source=g\">, Slovenija<\/a><\/p>\n<p style=\"font-weight: 400; text-align: justify;\">Vse informacije o delavnici so na voljo na spletni strani delavnice:<br \/>\n<a href=\"https:\/\/wnlex2018.sciencesconf.org\/\" data-saferedirecturl=\"https:\/\/www.google.com\/url?hl=sl&amp;q=https:\/\/wnlex2018.sciencesconf.org\/&amp;source=gmail&amp;ust=1523115635461000&amp;usg=AFQjCNEdTKixSq0lK-Wl37DHVSYm80izyw\">https:\/\/wnlex2018.sciencesconf.org\/<\/a><\/p>\n<\/div><\/section><br \/>\n<div  style='height:25px' class='hr hr-invisible   avia-builder-el-5  el_after_av_textblock  el_before_av_heading '><span class='hr-inner ' ><span class='hr-inner-style'><\/span><\/span><\/div><br \/>\n<div  style='padding-bottom:10px; ' class='av-special-heading av-special-heading-h3    avia-builder-el-6  el_after_av_hr  el_before_av_textblock  '><h3 class='av-special-heading-tag '  itemprop=\"headline\"  >Delavnica TEI-Lex-0<\/h3><div class='special-heading-border'><div class='special-heading-inner-border' ><\/div><\/div><\/div><br \/>\n<section class=\"av_textblock_section \"  itemscope=\"itemscope\" itemtype=\"https:\/\/schema.org\/CreativeWork\" ><div class='avia_textblock  '   itemprop=\"text\" ><p style=\"font-weight: 400; text-align: justify;\"><b>Delavnica TEI-Lex-0: <strong>Razvoj osnovnega enkodiranja za leksikalne podatke<\/strong><\/b><\/p>\n<p style=\"font-weight: 400; text-align: justify;\">Datum:\u00a0<strong>16. julij 2018<\/strong><\/p>\n<p style=\"text-align: justify;\">Lokacija:\u00a0<strong>Filozofska fakulteta<\/strong>, Univerza v Ljubljani, <a href=\"https:\/\/www.google.si\/maps\/place\/Filozofska+fakulteta+Univerze+v+Ljubljani\/@46.0467678,14.4981283,17z\/data=!3m1!4b1!4m5!3m4!1s0x47652d6666114239:0xaee558fc1153eca1!8m2!3d46.0467641!4d14.500317\">A\u0161ker\u010deva cesta 2, Ljubljana<\/a><a href=\"https:\/\/maps.google.com\/?q=Ljubljana,++A%C5%A1ker%C4%8Deva+cesta+2,+Ljubljana+,+Slovenia&amp;entry=gmail&amp;source=g\">, Slovenija<\/a><\/p>\n<p style=\"text-align: justify;\">TEI-Lex-0 obravnava enega glavnih izzivov procesa ustvarjanja interoperabilnih leksikalnih podatkov, tj. pomanjkanje skupne oblike ciljne transformacije za:<\/p>\n<p style=\"text-align: justify;\">1. primerjavo obstoje\u010dih slovarjev;<br \/>\n2. delovanje kot orodje za serijsko uporabo LMF; in<br \/>\n3. ustvarjanje generi\u010dnih orodij za poizvedovanje in vizualizacijo.<\/p>\n<p style=\"text-align: justify;\">TEI-Lex-0 ni zami\u0161ljen kot shema, ki ima samo eno obliko in velikost, temve\u010d kot s strani skupnosti oblikovana re\u0161itev za vse ostrej\u0161e reprezentativne omejitve, tako je mogo\u010de leksikalne podatke v obstoje\u010dih in bodo\u010dih digitalnih slovarjih preu\u010diti, popraviti in izbolj\u0161ati v razli\u010dnih znanstvenih kontekstih.<\/p>\n<p style=\"text-align: justify;\">Pripravljalna dela na temo te pomembne infrastrukture so potekala v sodelovanju z DARIAH WG \u201cLexical\u00a0Resources\u201d in WG \u201cRetrodigitized\u00a0Dictionaries\u201d evropske mre\u017ee za e-leksicografijo (ENeL, COST IS1305): na delavnicah v\u00a0Berlinu (BBAW, 17.\u201319. november 2016) in na Dunaju (O\u0308AW,\u00a026.\u00a0junij 2017); prav tako pa tudi v konteksu Lexical Data\u00a0Masterclass (Berlin, 4.\u2013 8.\u00a0december 2017).<br \/>\n<strong><em><br \/>\n<\/em><\/strong><\/p>\n<p style=\"text-align: justify;\">Delavnico v Ljubljani organizira delovna skupina DARIAH \u00bbLexical Resources\u00ab v sodelovanju z evropsko leksikografsko infrastrukturo (ELEXIS).<\/p>\n<p style=\"text-align: justify;\"><em><strong>Delavnice se je mogo\u010de udele\u017eiti zgolj z vabilom.<\/strong><\/em><\/p>\n<p style=\"text-align: justify;\">Za ve\u010d informacij se obrnite na g. Laurenta Romaryja (<a href=\"mai&#108;&#116;&#111;&#x3a;&#x6c;&#x61;&#x75;&#x72;&#x65;nt&#46;&#114;&#111;&#109;&#97;&#x72;&#x79;&#x40;&#x69;&#x6e;&#x72;ia&#46;&#102;&#114;\">&#108;&#x61;&#117;&#x72;&#101;&#x6e;&#116;&#x2e;&#114;&#x6f;&#109;&#x61;&#114;&#x79;&#64;&#x69;&#110;&#x72;&#105;&#x61;&#46;&#x66;&#114;<\/a>) ali g. Toma Tasovaca (<a href=\"&#x6d;&#x61;&#105;&#108;to&#x3a;&#x74;&#x74;&#97;so&#x76;&#x61;&#x63;&#64;&#104;u&#x6d;&#x61;&#x6e;&#105;&#115;t&#x69;&#x6b;&#x61;&#46;&#111;rg\">&#116;&#x74;&#97;&#x73;&#111;&#x76;a&#x63;&#64;&#104;&#x75;&#109;&#x61;&#110;&#x69;s&#x74;i&#107;&#x61;&#46;&#x6f;&#114;&#x67;<\/a>).<\/p>\n<\/div><\/section><\/p><\/div>\n<div class='av-flex-placeholder'><\/div><div class=\"flex_column av_two_fifth  flex_column_table_cell av-equal-height-column av-align-top   avia-builder-el-8  el_after_av_three_fifth  el_before_av_hr  \" style='padding:12px 0px 0px 0px ; border-radius:0px; '><p><div  style='padding-bottom:10px; ' class='av-special-heading av-special-heading-h3    avia-builder-el-9  el_before_av_hr  avia-builder-el-first  '><h3 class='av-special-heading-tag '  itemprop=\"headline\"  >Prizori\u0161\u010de<\/h3><div class='special-heading-border'><div class='special-heading-inner-border' ><\/div><\/div><\/div><br \/>\n<div  style='height:20px' class='hr hr-invisible   avia-builder-el-10  el_after_av_heading  el_before_av_image '><span class='hr-inner ' ><span class='hr-inner-style'><\/span><\/span><\/div><br \/>\n<div  class='avia-image-container  av-styling-    avia-builder-el-11  el_after_av_hr  el_before_av_hr  avia-align-center '  itemprop=\"image\" itemscope=\"itemscope\" itemtype=\"https:\/\/schema.org\/ImageObject\"  ><div class='avia-image-container-inner'><div class='avia-image-overlay-wrap'><img class='avia_image' src='https:\/\/euralex2018.cjvt.si\/wp-content\/uploads\/sites\/19\/2018\/04\/UL-Faculty-of-Arts.jpg' alt='' title='UL-Faculty-of-Arts' height=\"340\" width=\"600\"  itemprop=\"thumbnailUrl\"  \/><\/div><\/div><\/div><br \/>\n<div  style='height:30px' class='hr hr-invisible   avia-builder-el-12  el_after_av_image  el_before_av_google_map  avia-builder-el-last '><span class='hr-inner ' ><span class='hr-inner-style'><\/span><\/span><\/div><br \/>\n<\/p><\/div><\/div><!--close column table wrapper. Autoclose: 1 -->\n<div  style='height:50px' class='hr hr-invisible   avia-builder-el-14  el_after_av_two_fifth  el_before_av_two_fifth '><span class='hr-inner ' ><span class='hr-inner-style'><\/span><\/span><\/div>\n<div class=\"flex_column av_two_fifth  flex_column_div first  avia-builder-el-15  el_after_av_hr  el_before_av_three_fifth  \" style='padding:70px 0px 0px 0px ; border-radius:0px; '><div   data-autoplay='false'  data-interval='5'  data-animation='slide'  class='avia-logo-element-container av-border-deactivate avia-logo-grid avia-content-slider avia-smallarrow-slider avia-content-grid-active noHover avia-content-slider1 avia-content-slider-even  avia-builder-el-16  avia-builder-el-no-sibling  ' ><div class='avia-smallarrow-slider-heading '><div class='new-special-heading'><h3 class=''>Glavni sponzorji:<\/h3><\/div><\/div><div class='avia-content-slider-inner'><div class='slide-entry-wrap' ><div  class='slide-entry flex_column no_margin post-entry slide-entry-overview slide-loop-1 slide-parity-odd  av_one_half first real-thumbnail'><a href='http:\/\/www.hornby-trust.org.uk\/' data-rel='slide-1' class='slide-image' title='' target=\"_blank\" rel=\"noopener\"><span class='av-partner-fake-img' style='padding-bottom:48%; background-image:url(https:\/\/euralex2018.cjvt.si\/wp-content\/uploads\/sites\/19\/2018\/02\/Hornby_Trust_logo-250x120-1.png);'><\/span><\/a><\/div><div  class='slide-entry flex_column no_margin post-entry slide-entry-overview slide-loop-2 slide-parity-even  av_one_half  real-thumbnail'><a href='http:\/\/www.idmgroup.com\/' data-rel='slide-1' class='slide-image' title='' target=\"_blank\" rel=\"noopener\"><span class='av-partner-fake-img' style='padding-bottom:48%; background-image:url(https:\/\/euralex2018.cjvt.si\/wp-content\/uploads\/sites\/19\/2018\/02\/idm-logo-250x120-1.png);'><\/span><\/a><\/div><\/div><div class='slide-entry-wrap' ><div  class='slide-entry flex_column no_margin post-entry slide-entry-overview slide-loop-3 slide-parity-odd  post-entry-last  av_one_half first real-thumbnail'><a href='https:\/\/elex.is\/' data-rel='slide-1' class='slide-image' title='' target=\"_blank\" rel=\"noopener\"><span class='av-partner-fake-img' style='padding-bottom:48%; background-image:url(https:\/\/euralex2018.cjvt.si\/wp-content\/uploads\/sites\/19\/2018\/04\/elexis-logo-250x120-1.png);'><\/span><\/a><\/div><\/div><\/div><\/div><\/div>\n<div class=\"flex_column av_three_fifth  flex_column_div   avia-builder-el-17  el_after_av_two_fifth  el_before_av_hr  \" style='padding:70px 0px 0px 0px ; border-radius:0px; '><div   data-autoplay='false'  data-interval='5'  data-animation='slide'  class='avia-logo-element-container av-border-deactivate avia-logo-grid avia-content-slider avia-smallarrow-slider avia-content-grid-active noHover avia-content-slider2 avia-content-slider-odd  avia-builder-el-18  avia-builder-el-no-sibling  ' ><div class='avia-smallarrow-slider-heading '><div class='new-special-heading'><h3 class=''>Sponzorji:<\/h3><\/div><\/div><div class='avia-content-slider-inner'><div class='slide-entry-wrap' ><div  class='slide-entry flex_column no_margin post-entry slide-entry-overview slide-loop-1 slide-parity-odd  av_one_third first real-thumbnail'><a href='https:\/\/www.oxforddictionaries.com\/' data-rel='slide-2' class='slide-image' title='' target=\"_blank\" rel=\"noopener\"><span class='av-partner-fake-img' style='padding-bottom:48%; background-image:url(https:\/\/euralex2018.cjvt.si\/wp-content\/uploads\/sites\/19\/2018\/02\/oxford-dictionaries-logo-250x120-1.png);'><\/span><\/a><\/div><div  class='slide-entry flex_column no_margin post-entry slide-entry-overview slide-loop-2 slide-parity-even  av_one_third  real-thumbnail'><a href='https:\/\/www.delight-office.si\/' data-rel='slide-2' class='slide-image' title='' target=\"_blank\" rel=\"noopener\"><span class='av-partner-fake-img' style='padding-bottom:48%; background-image:url(https:\/\/euralex2018.cjvt.si\/wp-content\/uploads\/sites\/19\/2018\/05\/delight-250x120-1.png);'><\/span><\/a><\/div><div  class='slide-entry flex_column no_margin post-entry slide-entry-overview slide-loop-3 slide-parity-odd  av_one_third  real-thumbnail'><a href='http:\/\/www.ff.uni-lj.si\/' data-rel='slide-2' class='slide-image' title=''  ><span class='av-partner-fake-img' style='padding-bottom:48%; background-image:url(https:\/\/euralex2018.cjvt.si\/wp-content\/uploads\/sites\/19\/2018\/06\/ff_znak_2-120.png);'><\/span><\/a><\/div><\/div><div class='slide-entry-wrap' ><div  class='slide-entry flex_column no_margin post-entry slide-entry-overview slide-loop-4 slide-parity-odd  av_one_third first real-thumbnail'><a href='http:\/\/www.clarin.si\/info\/o-projektu\/' data-rel='slide-2' class='slide-image' title='' target=\"_blank\" rel=\"noopener\"><span class='av-partner-fake-img' style='padding-bottom:48%; background-image:url(https:\/\/euralex2018.cjvt.si\/wp-content\/uploads\/sites\/19\/2018\/02\/clarin-logo-250x120-1.png);'><\/span><\/a><\/div><div  class='slide-entry flex_column no_margin post-entry slide-entry-overview slide-loop-5 slide-parity-even  av_one_third  real-thumbnail'><a href='http:\/\/www.alpineon.si\/' data-rel='slide-2' class='slide-image' title='' target=\"_blank\" rel=\"noopener\"><span class='av-partner-fake-img' style='padding-bottom:48%; background-image:url(https:\/\/euralex2018.cjvt.si\/wp-content\/uploads\/sites\/19\/2018\/02\/alpineon-logo-250x120-1.png);'><\/span><\/a><\/div><div  class='slide-entry flex_column no_margin post-entry slide-entry-overview slide-loop-6 slide-parity-odd  post-entry-last  av_one_third  real-thumbnail'><a href='https:\/\/tshwanedje.com\/' data-rel='slide-2' class='slide-image' title='' target=\"_blank\" rel=\"noopener\"><span class='av-partner-fake-img' style='padding-bottom:48%; background-image:url(https:\/\/euralex2018.cjvt.si\/wp-content\/uploads\/sites\/19\/2018\/06\/TshwaneDje-logo.png);'><\/span><\/a><\/div><\/div><\/div><\/div><\/div>\n<div   class='hr hr-default   avia-builder-el-19  el_after_av_three_fifth  el_before_av_one_fourth '><span class='hr-inner ' ><span class='hr-inner-style'><\/span><\/span><\/div>\n<div class=\"flex_column av_one_fourth  flex_column_div av-zero-column-padding first  avia-builder-el-20  el_after_av_hr  avia-builder-el-last  \" style='border-radius:0px; '><div   data-autoplay='false'  data-interval='5'  data-animation='slide'  class='avia-logo-element-container  avia-logo-slider avia-content-slider avia-smallarrow-slider avia-content-slider-active noHover avia-content-slider3 avia-content-slider-odd  avia-builder-el-21  avia-builder-el-no-sibling  ' ><div class='avia-smallarrow-slider-heading '><div class='new-special-heading'><h3 class=''>Kongres podpira:<\/h3><\/div><\/div><div class='avia-content-slider-inner'><div class='slide-entry-wrap' ><div  class='slide-entry flex_column no_margin post-entry slide-entry-overview slide-loop-1 slide-parity-odd  post-entry-last  av_fullwidth first real-thumbnail'><a href='https:\/\/globalex.link\/' data-rel='slide-3' class='slide-image' title='' target=\"_blank\" rel=\"noopener\"><span class='av-partner-fake-img' style='padding-bottom:35.333333333333%; background-image:url(https:\/\/euralex2018.cjvt.si\/wp-content\/uploads\/sites\/19\/2018\/06\/globalex_logo-300x106-1.png);'><\/span><\/a><\/div><\/div><\/div><\/div><\/div>\n","protected":false},"excerpt":{"rendered":"","protected":false},"author":1,"featured_media":0,"parent":1166,"menu_order":0,"comment_status":"closed","ping_status":"closed","template":"","meta":{"_acf_changed":false,"_relevanssi_hide_post":"","_relevanssi_hide_content":"","_relevanssi_pin_for_all":"","_relevanssi_pin_keywords":"","_relevanssi_unpin_keywords":"","_relevanssi_related_keywords":"","_relevanssi_related_include_ids":"","_relevanssi_related_exclude_ids":"","_relevanssi_related_no_append":"","_relevanssi_related_not_related":"","_relevanssi_related_posts":"","_relevanssi_noindex_reason":"","inline_featured_image":false,"episode_type":"","audio_file":"","cover_image":"","cover_image_id":"","duration":"","filesize":"","filesize_raw":"","date_recorded":"","explicit":"","block":"","itunes_episode_number":"","itunes_title":"","itunes_season_number":"","itunes_episode_type":"","footnotes":""},"class_list":["post-2229","page","type-page","status-publish","hentry"],"acf":[],"yoast_head":"<!-- This site is optimized with the Yoast SEO plugin v26.9 - https:\/\/yoast.com\/product\/yoast-seo-wordpress\/ -->\n<title>Spremljevalni dogodki - Euralex 2018<\/title>\n<meta name=\"robots\" content=\"index, follow, max-snippet:-1, max-image-preview:large, max-video-preview:-1\" \/>\n<link rel=\"canonical\" href=\"https:\/\/euralex2018.cjvt.si\/sl\/program\/spremljevalni-dogodki\/\" \/>\n<meta property=\"og:locale\" content=\"sl_SI\" \/>\n<meta property=\"og:type\" content=\"article\" \/>\n<meta property=\"og:title\" content=\"Spremljevalni dogodki - Euralex 2018\" \/>\n<meta property=\"og:url\" content=\"https:\/\/euralex2018.cjvt.si\/sl\/program\/spremljevalni-dogodki\/\" \/>\n<meta property=\"og:site_name\" content=\"Euralex 2018\" \/>\n<meta property=\"article:modified_time\" content=\"2020-08-18T23:00:15+00:00\" \/>\n<meta name=\"twitter:card\" content=\"summary_large_image\" \/>\n<meta name=\"twitter:label1\" content=\"Est. reading time\" \/>\n\t<meta name=\"twitter:data1\" content=\"7 minut\" \/>\n<script type=\"application\/ld+json\" class=\"yoast-schema-graph\">{\"@context\":\"https:\/\/schema.org\",\"@graph\":[{\"@type\":\"WebPage\",\"@id\":\"https:\/\/euralex2018.cjvt.si\/sl\/program\/spremljevalni-dogodki\/\",\"url\":\"https:\/\/euralex2018.cjvt.si\/sl\/program\/spremljevalni-dogodki\/\",\"name\":\"Spremljevalni dogodki - Euralex 2018\",\"isPartOf\":{\"@id\":\"https:\/\/euralex2018.cjvt.si\/sl\/#website\"},\"datePublished\":\"2018-04-06T15:55:06+00:00\",\"dateModified\":\"2020-08-18T23:00:15+00:00\",\"breadcrumb\":{\"@id\":\"https:\/\/euralex2018.cjvt.si\/sl\/program\/spremljevalni-dogodki\/#breadcrumb\"},\"inLanguage\":\"sl-SI\",\"potentialAction\":[{\"@type\":\"ReadAction\",\"target\":[\"https:\/\/euralex2018.cjvt.si\/sl\/program\/spremljevalni-dogodki\/\"]}]},{\"@type\":\"BreadcrumbList\",\"@id\":\"https:\/\/euralex2018.cjvt.si\/sl\/program\/spremljevalni-dogodki\/#breadcrumb\",\"itemListElement\":[{\"@type\":\"ListItem\",\"position\":1,\"name\":\"Home\",\"item\":\"https:\/\/euralex2018.cjvt.si\/sl\/\"},{\"@type\":\"ListItem\",\"position\":2,\"name\":\"Program\",\"item\":\"https:\/\/euralex2018.cjvt.si\/sl\/program\/\"},{\"@type\":\"ListItem\",\"position\":3,\"name\":\"Spremljevalni dogodki\"}]},{\"@type\":\"WebSite\",\"@id\":\"https:\/\/euralex2018.cjvt.si\/sl\/#website\",\"url\":\"https:\/\/euralex2018.cjvt.si\/sl\/\",\"name\":\"Euralex 2018\",\"description\":\"Euralex 2018\",\"potentialAction\":[{\"@type\":\"SearchAction\",\"target\":{\"@type\":\"EntryPoint\",\"urlTemplate\":\"https:\/\/euralex2018.cjvt.si\/sl\/?s={search_term_string}\"},\"query-input\":{\"@type\":\"PropertyValueSpecification\",\"valueRequired\":true,\"valueName\":\"search_term_string\"}}],\"inLanguage\":\"sl-SI\"}]}<\/script>\n<!-- \/ Yoast SEO plugin. -->","yoast_head_json":{"title":"Spremljevalni dogodki - Euralex 2018","robots":{"index":"index","follow":"follow","max-snippet":"max-snippet:-1","max-image-preview":"max-image-preview:large","max-video-preview":"max-video-preview:-1"},"canonical":"https:\/\/euralex2018.cjvt.si\/sl\/program\/spremljevalni-dogodki\/","og_locale":"sl_SI","og_type":"article","og_title":"Spremljevalni dogodki - Euralex 2018","og_url":"https:\/\/euralex2018.cjvt.si\/sl\/program\/spremljevalni-dogodki\/","og_site_name":"Euralex 2018","article_modified_time":"2020-08-18T23:00:15+00:00","twitter_card":"summary_large_image","twitter_misc":{"Est. reading time":"7 minut"},"schema":{"@context":"https:\/\/schema.org","@graph":[{"@type":"WebPage","@id":"https:\/\/euralex2018.cjvt.si\/sl\/program\/spremljevalni-dogodki\/","url":"https:\/\/euralex2018.cjvt.si\/sl\/program\/spremljevalni-dogodki\/","name":"Spremljevalni dogodki - Euralex 2018","isPartOf":{"@id":"https:\/\/euralex2018.cjvt.si\/sl\/#website"},"datePublished":"2018-04-06T15:55:06+00:00","dateModified":"2020-08-18T23:00:15+00:00","breadcrumb":{"@id":"https:\/\/euralex2018.cjvt.si\/sl\/program\/spremljevalni-dogodki\/#breadcrumb"},"inLanguage":"sl-SI","potentialAction":[{"@type":"ReadAction","target":["https:\/\/euralex2018.cjvt.si\/sl\/program\/spremljevalni-dogodki\/"]}]},{"@type":"BreadcrumbList","@id":"https:\/\/euralex2018.cjvt.si\/sl\/program\/spremljevalni-dogodki\/#breadcrumb","itemListElement":[{"@type":"ListItem","position":1,"name":"Home","item":"https:\/\/euralex2018.cjvt.si\/sl\/"},{"@type":"ListItem","position":2,"name":"Program","item":"https:\/\/euralex2018.cjvt.si\/sl\/program\/"},{"@type":"ListItem","position":3,"name":"Spremljevalni dogodki"}]},{"@type":"WebSite","@id":"https:\/\/euralex2018.cjvt.si\/sl\/#website","url":"https:\/\/euralex2018.cjvt.si\/sl\/","name":"Euralex 2018","description":"Euralex 2018","potentialAction":[{"@type":"SearchAction","target":{"@type":"EntryPoint","urlTemplate":"https:\/\/euralex2018.cjvt.si\/sl\/?s={search_term_string}"},"query-input":{"@type":"PropertyValueSpecification","valueRequired":true,"valueName":"search_term_string"}}],"inLanguage":"sl-SI"}]}},"_links":{"self":[{"href":"https:\/\/euralex2018.cjvt.si\/sl\/wp-json\/wp\/v2\/pages\/2229","targetHints":{"allow":["GET"]}}],"collection":[{"href":"https:\/\/euralex2018.cjvt.si\/sl\/wp-json\/wp\/v2\/pages"}],"about":[{"href":"https:\/\/euralex2018.cjvt.si\/sl\/wp-json\/wp\/v2\/types\/page"}],"author":[{"embeddable":true,"href":"https:\/\/euralex2018.cjvt.si\/sl\/wp-json\/wp\/v2\/users\/1"}],"replies":[{"embeddable":true,"href":"https:\/\/euralex2018.cjvt.si\/sl\/wp-json\/wp\/v2\/comments?post=2229"}],"version-history":[{"count":2,"href":"https:\/\/euralex2018.cjvt.si\/sl\/wp-json\/wp\/v2\/pages\/2229\/revisions"}],"predecessor-version":[{"id":3953,"href":"https:\/\/euralex2018.cjvt.si\/sl\/wp-json\/wp\/v2\/pages\/2229\/revisions\/3953"}],"up":[{"embeddable":true,"href":"https:\/\/euralex2018.cjvt.si\/sl\/wp-json\/wp\/v2\/pages\/1166"}],"wp:attachment":[{"href":"https:\/\/euralex2018.cjvt.si\/sl\/wp-json\/wp\/v2\/media?parent=2229"}],"curies":[{"name":"wp","href":"https:\/\/api.w.org\/{rel}","templated":true}]}}