{"id":1920,"date":"2018-02-25T01:54:32","date_gmt":"2018-02-25T01:54:32","guid":{"rendered":"http:\/\/euralex2018.cjvt.si\/?page_id=1920"},"modified":"2020-08-18T23:26:18","modified_gmt":"2020-08-18T22:26:18","slug":"znanstveni-odbor","status":"publish","type":"page","link":"https:\/\/euralex2018.cjvt.si\/sl\/organizacija\/znanstveni-odbor\/","title":{"rendered":"Znanstveni odbor"},"content":{"rendered":"<div class=\"flex_column av_three_fourth  flex_column_div av-zero-column-padding first  avia-builder-el-0  el_before_av_one_fifth  avia-builder-el-first  \" style='border-radius:0px; '><section class=\"av_textblock_section \"  itemscope=\"itemscope\" itemtype=\"https:\/\/schema.org\/CreativeWork\" ><div class='avia_textblock  '   itemprop=\"text\" ><ol>\n<li>Andrea Abel, EURAC, Bolzano, Italija<\/li>\n<li>Eneko Agirre, Univerza Baskije, \u0160panija<\/li>\n<li>Valentina Apresjan, Ruski jezikovni in\u0161titut, Rusija<\/li>\n<li>Pilar Le\u00f3n Ara\u00faz, Univerza v Granadi, \u0160panija<\/li>\n<li>\u0160pela Arhar Holdt,\u00a0 Univerza v Ljubljani &amp; Trojina, zavod za uporabno slovenistiko, Slovenija<\/li>\n<li>Paz Battaner,\u00a0Real Academia Espa\u00f1ola, \u0160panija<\/li>\n<li>Francis Bond, Tehnolo\u0161ka univerza Nanyang, Singapur<\/li>\n<li>Nicoletta Calzolari, Istituto di Linguistica Computacionale del CNR, Pisa, Italija<\/li>\n<li>Philipp Cimiano, Univerza v Bielefeldu, Nem\u010dija<\/li>\n<li>Lut Colman, Nizozemski jezikovni in\u0161titut, Nizozemska<\/li>\n<li>Paul Cook, Univerza v New Brunswicku, Kanada<\/li>\n<li>Janet de Cesaris, Univerza Pompeu Fabra, \u0160panija<\/li>\n<li>Patrick Drouin, OLST, Univerza v Montrealu, Kanada<\/li>\n<li>Anne Dykstra, Akademija Fryske, Nizozemska<\/li>\n<li>Kseniya Egorova, samostojna leksikografinja, Rusija<\/li>\n<li>Toma\u017e Erjavec, Insitut \u00bbJo\u017eef Stefan Institute\u00ab, Slovenija<\/li>\n<li>Edward Finegan, Univerza v Ju\u017eni Kaliforniji, ZDA<\/li>\n<li>Ruth Vatvedt Fjeld, Univerza v Oslu, Norve\u0161ka<\/li>\n<li>Thierry Fontenelle, Prevajalski center za organe EU, Belgija<\/li>\n<li>Corina For\u0103scu, Al.I. Univerza Cuza v Iasi, Romunija<\/li>\n<li>Polona Gantar, Filozofska fakulteta, Univerza v Ljubljani, Slovenija<\/li>\n<li>Yongwei Gao, Univerza Fudan, Kitajska<\/li>\n<li>Radovan Garabik, In\u0161titut za lingvistiko \u013d. \u0160t\u00far, Slova\u0161ka<\/li>\n<li>Zoe Gavrilidou, Univerza Democritus v Trakiji, Gr\u010dija<\/li>\n<li>Alexander Geyken, Akademija znanosti in humanistike Berlin-Brandenburg, Nem\u010dija<\/li>\n<li>Vojko Gorjanc, Univerza v Ljubljani, Slovenija<\/li>\n<li>Tatjana Gornostaja, Tilde, Latvija<\/li>\n<li>Rufus Gouws, Univerza Stellenbosch, Ju\u017ena Afrika<\/li>\n<li>Jorge Gracia, Politehni\u010dna univerza v Madridu, \u0160panija<\/li>\n<li>Sylviane Granger, Univerza Catholique v Louvainu, Belgija<\/li>\n<li>Oddrun Gr\u00f8nvik, Univerza v Oslu, Norve\u0161ka<\/li>\n<li>Antton Gurrutxaga, Elhuyar Fundazioa, Baskija, \u0160panija<\/li>\n<li>Patrick Hanks, Univerza Zahodne Anglije, Zdru\u017eeno kraljestvo<\/li>\n<li>Orin Hargraves, Univerza v Koloradu, ZDA<\/li>\n<li>Ulrich Heid, Univerza v Hildesheimu, Nem\u010dija<\/li>\n<li>Ales Horak, Masarykova univerza, \u010ce\u0161ka<\/li>\n<li>Milo\u0161 Jakub\u00ed\u010dek, Lexical Computing CZ s.r.o., \u010ce\u0161ka<\/li>\n<li>Jelena Kallas, In\u0161titut za estonski jezik, Estonija<\/li>\n<li>Ilan Kernerman, K Dictionaries, Izrael<\/li>\n<li>Maria Khokhlova, Dr\u017eava univerza v Sankt Peterburgu, Rusija<\/li>\n<li>Annette Klosa, Nem\u0161ki jezikovni in\u0161titut (IDS), Nem\u010dija<\/li>\n<li>Svetla Koeva, In\u0161titut za bolgarski jezik, Bolgarija<\/li>\n<li>Iztok Kosem, Center za uporabno lingvistiko, Trojina &amp; Univerza v Ljubljani, Slovenija<\/li>\n<li>Simon Krek, Univerza v Ljubljani &amp; In\u0161titut \u201cJo\u017eef Stefan\u201d, Slovenija<\/li>\n<li>Michal Kren, Karlova univerza v Pragi, \u010ce\u0161ka<\/li>\n<li>Jette Kristoffersen, Univerza College Capital, Kopenhagen, Danska<\/li>\n<li>Margit Langemets, In\u0161titut za estonski jezik, Estonija<\/li>\n<li>Amanda Laugesen, Avstralski nationalni center za slovarje, Avstralija<\/li>\n<li>Lothar Lemnitzer, Akademija znanosti in humanistike Berlin-Brandenburg, Univerza v T\u00fcbingenu, Nem\u010dija<\/li>\n<li>Robert Lew, Univerza Adama Mickiewicza, Poljska<\/li>\n<li>Marie-Claude L\u2019Homme, Univerza v Montrealu, Kanada<\/li>\n<li>Nikola Ljube\u0161i\u0107, Univerza v Zagrebu, Hrva\u0161ka<\/li>\n<li>Nata\u0161a Logar, Univerza v Ljubljani, Slovenija<\/li>\n<li>Henrik Lorentzen, Det Danske Sprog- og Litteraturselskab, Danska<\/li>\n<li>Carla Marello, Univerza v Torinu, Italija<\/li>\n<li>Tinatin Margalitadze, Leksikografski center I. Javakhishvili TSU, Gruzija<\/li>\n<li>Stella Markantonatou, In\u0161titut za obdelavo jezika in govora (ATHENA), Gr\u010dija<\/li>\n<li>Michal Boleslav M\u00e9chura, Masarykova univerza, \u010ce\u0161ka<\/li>\n<li>Amalia Mendes, Center za lingvistiko Univerze v Lizboni, Portugalska<\/li>\n<li>Julia Miller, Univerza v Adelaidu, Avstralija<\/li>\n<li>Christine M\u00f6hrs, In\u0161titut za nem\u0161ki jezik, Mannheim, Germany<\/li>\n<li>Monica Monachini, Istituto di Linguistica Computazionale \u201cA. Zampolli\u201d, Italija<\/li>\n<li>Orion Montoya, Univerza v Brandeisu, ZDA<\/li>\n<li>Sara Mo\u017ee, Univerza v Wolverhaptonu, Zdru\u017eeno kraljestvo<\/li>\n<li>Chris Mulhall, Waterford Institute of Technology, Waterford, Ireland<\/li>\n<li>Carolin M\u00fcller-Spitzer, In\u0161titut za nem\u0161ki jezik, Mannheim, Nem\u010dija<\/li>\n<li>Roberto Navigli, Sapienza Universita\u2019 di Roma, Italija<\/li>\n<li>Lionel Nicolas, EURAC, Bolzano, Italija<\/li>\n<li>Vincent Ooi, Dr\u017eavna univerza v Singapurju, Singapur<\/li>\n<li>John P. McCrae, Dr\u017eavna univerza na Irskem, Galway, Irska<\/li>\n<li>Magali Paquot, CECL, Univerza Catholique v Louvainu, Belgija<\/li>\n<li>Danie Prinsloo, Univerza v Pretoriji, Ju\u017ena Afrika<\/li>\n<li>Klaas Ruppel, In\u0161titut za jezike na Finskem (KOTUS), Finska<\/li>\n<li>Balint Sass, Raziskovalni in\u0161titut za lingvistiko, Budimpe\u0161ta, Mad\u017earska<\/li>\n<li>Tanneke Schoonheim, In\u0161titut za nizozem\u0161\u010dino (INT), Nizozemska<\/li>\n<li>Egon Stemle, Evropska akademija v Bolzanu, Italija<\/li>\n<li>Frieda Steurs, KU Leuven, Belgija<\/li>\n<li>Kristina \u0160trkalj Despot, In\u0161titut hrva\u0161kega jezika in lingvistike, Hrva\u0161ka<\/li>\n<li>Arvi Tavast, Qlaara, Estonia<\/li>\n<li>Pius Ten Hacken, Univerza v Inssbrucku, Avstrija<\/li>\n<li>Carole Tiberius, In\u0161titut za nizozemski jezik, Nizozemska<\/li>\n<li>Yukio Tono, Univerza za tuje \u0161tudije v Tokiju, Japonska<\/li>\n<li>Lars Trap Jensen, Det Danske Sprog- og Litteraturselskab, Danska<\/li>\n<li>Agnes Tutin, LIDILEM, Univerza v Stendhal-Grenoblu 3, Francija<\/li>\n<li>Tamas Varadi, Raziskovalni in\u0161titut za lingvistiko, Mad\u017earska<\/li>\n<li>Elena Volodina, Univerza v Gothenburgu, \u0160vedska<\/li>\n<li>Geoffrey Williams, Univerza v Bretagne-Sudu, Francija<\/li>\n<li>Piotr Zmigrodzki, In\u0161titut Jezyka Polskiego PAN, Poljska<\/li>\n<\/ol>\n<\/div><\/section><\/div>\n<div class=\"flex_column av_one_fifth  flex_column_div av-zero-column-padding   avia-builder-el-2  el_after_av_three_fourth  el_before_av_two_fifth  \" style='border-radius:0px; '><div  class='avia-builder-widget-area clearfix  avia-builder-el-3  avia-builder-el-no-sibling '><section id=\"custom_html-3\" class=\"widget_text widget clearfix widget_custom_html\"><div class=\"textwidget custom-html-widget\"><h3>Kontakt:<\/h3>\r\n<p>\r\n\t<strong>Simon Krek<\/strong>\r\n<\/p>\r\n<br>\r\n<p>\r\n\t<strong>Pi\u0161ite na:<\/strong>\r\n<\/p>\r\n<a href=\"&#x6d;&#x61;&#x69;&#108;&#116;o:&#x65;&#x75;&#x72;&#97;&#108;ex&#x32;&#x30;&#x31;&#56;&#64;se&#x7a;&#x6e;&#x61;&#109;&#105;&#46;c&#x6a;&#x76;&#x74;&#46;&#115;i\">e&#117;&#114;&#x61;&#x6c;e&#120;&#50;&#x30;&#x31;&#x38;&#64;&#115;&#101;&#x7a;&#x6e;am&#105;&#x2e;&#x63;&#x6a;v&#116;&#46;&#x73;&#x69;<\/a>\r\n<hr>\r\n<p>\r\n\t<strong>\u010ce se \u017eelite naro\u010diti na novice o kongresu, kliknite na spodnjo povezavo:<\/strong>\r\n<\/p>\r\n\r\n<a href=\"http:\/\/seznami.cjvt.si\/postorius\/lists\/euralex2018-news.seznami.cjvt.si\/\">Novice o Euralex 2018<\/a><\/div><span class=\"seperator extralight-border\"><\/span><\/section><\/div><\/div>\n<div class=\"flex_column av_two_fifth  flex_column_div first  avia-builder-el-4  el_after_av_one_fifth  el_before_av_three_fifth  column-top-margin\" style='padding:70px 0px 0px 0px ; border-radius:0px; '><div   data-autoplay='false'  data-interval='5'  data-animation='slide'  class='avia-logo-element-container av-border-deactivate avia-logo-grid avia-content-slider avia-smallarrow-slider avia-content-grid-active noHover avia-content-slider1 avia-content-slider-even  avia-builder-el-5  avia-builder-el-no-sibling  ' ><div class='avia-smallarrow-slider-heading '><div class='new-special-heading'><h3 class=''>Glavni sponzorji:<\/h3><\/div><\/div><div class='avia-content-slider-inner'><div class='slide-entry-wrap' ><div  class='slide-entry flex_column no_margin post-entry slide-entry-overview slide-loop-1 slide-parity-odd  av_one_half first real-thumbnail'><a href='http:\/\/www.hornby-trust.org.uk\/' data-rel='slide-1' class='slide-image' title='' target=\"_blank\" rel=\"noopener\"><span class='av-partner-fake-img' style='padding-bottom:48%; background-image:url(https:\/\/euralex2018.cjvt.si\/wp-content\/uploads\/sites\/19\/2018\/02\/Hornby_Trust_logo-250x120-1.png);'><\/span><\/a><\/div><div  class='slide-entry flex_column no_margin post-entry slide-entry-overview slide-loop-2 slide-parity-even  av_one_half  real-thumbnail'><a href='http:\/\/www.idmgroup.com\/' data-rel='slide-1' class='slide-image' title='' target=\"_blank\" rel=\"noopener\"><span class='av-partner-fake-img' style='padding-bottom:48%; background-image:url(https:\/\/euralex2018.cjvt.si\/wp-content\/uploads\/sites\/19\/2018\/02\/idm-logo-250x120-1.png);'><\/span><\/a><\/div><\/div><div class='slide-entry-wrap' ><div  class='slide-entry flex_column no_margin post-entry slide-entry-overview slide-loop-3 slide-parity-odd  post-entry-last  av_one_half first real-thumbnail'><a href='https:\/\/elex.is\/' data-rel='slide-1' class='slide-image' title='' target=\"_blank\" rel=\"noopener\"><span class='av-partner-fake-img' style='padding-bottom:48%; background-image:url(https:\/\/euralex2018.cjvt.si\/wp-content\/uploads\/sites\/19\/2018\/04\/elexis-logo-250x120-1.png);'><\/span><\/a><\/div><\/div><\/div><\/div><\/div>\n<div class=\"flex_column av_three_fifth  flex_column_div   avia-builder-el-6  el_after_av_two_fifth  el_before_av_hr  column-top-margin\" style='padding:70px 0px 0px 0px ; border-radius:0px; '><div   data-autoplay='false'  data-interval='5'  data-animation='slide'  class='avia-logo-element-container av-border-deactivate avia-logo-grid avia-content-slider avia-smallarrow-slider avia-content-grid-active noHover avia-content-slider2 avia-content-slider-odd  avia-builder-el-7  avia-builder-el-no-sibling  ' ><div class='avia-smallarrow-slider-heading '><div class='new-special-heading'><h3 class=''>Sponzorji:<\/h3><\/div><\/div><div class='avia-content-slider-inner'><div class='slide-entry-wrap' ><div  class='slide-entry flex_column no_margin post-entry slide-entry-overview slide-loop-1 slide-parity-odd  av_one_third first real-thumbnail'><a href='https:\/\/www.oxforddictionaries.com\/' data-rel='slide-2' class='slide-image' title='' target=\"_blank\" rel=\"noopener\"><span class='av-partner-fake-img' style='padding-bottom:48%; background-image:url(https:\/\/euralex2018.cjvt.si\/wp-content\/uploads\/sites\/19\/2018\/02\/oxford-dictionaries-logo-250x120-1.png);'><\/span><\/a><\/div><div  class='slide-entry flex_column no_margin post-entry slide-entry-overview slide-loop-2 slide-parity-even  av_one_third  real-thumbnail'><a href='https:\/\/www.delight-office.si\/' data-rel='slide-2' class='slide-image' title='' target=\"_blank\" rel=\"noopener\"><span class='av-partner-fake-img' style='padding-bottom:48%; background-image:url(https:\/\/euralex2018.cjvt.si\/wp-content\/uploads\/sites\/19\/2018\/05\/delight-250x120-1.png);'><\/span><\/a><\/div><div  class='slide-entry flex_column no_margin post-entry slide-entry-overview slide-loop-3 slide-parity-odd  av_one_third  real-thumbnail'><a href='http:\/\/www.ff.uni-lj.si\/' data-rel='slide-2' class='slide-image' title=''  ><span class='av-partner-fake-img' style='padding-bottom:48%; background-image:url(https:\/\/euralex2018.cjvt.si\/wp-content\/uploads\/sites\/19\/2018\/06\/ff_znak_2-120.png);'><\/span><\/a><\/div><\/div><div class='slide-entry-wrap' ><div  class='slide-entry flex_column no_margin post-entry slide-entry-overview slide-loop-4 slide-parity-odd  av_one_third first real-thumbnail'><a href='http:\/\/www.clarin.si\/info\/o-projektu\/' data-rel='slide-2' class='slide-image' title='' target=\"_blank\" rel=\"noopener\"><span class='av-partner-fake-img' style='padding-bottom:48%; background-image:url(https:\/\/euralex2018.cjvt.si\/wp-content\/uploads\/sites\/19\/2018\/02\/clarin-logo-250x120-1.png);'><\/span><\/a><\/div><div  class='slide-entry flex_column no_margin post-entry slide-entry-overview slide-loop-5 slide-parity-even  av_one_third  real-thumbnail'><a href='http:\/\/www.alpineon.si\/' data-rel='slide-2' class='slide-image' title='' target=\"_blank\" rel=\"noopener\"><span class='av-partner-fake-img' style='padding-bottom:48%; background-image:url(https:\/\/euralex2018.cjvt.si\/wp-content\/uploads\/sites\/19\/2018\/02\/alpineon-logo-250x120-1.png);'><\/span><\/a><\/div><div  class='slide-entry flex_column no_margin post-entry slide-entry-overview slide-loop-6 slide-parity-odd  post-entry-last  av_one_third  real-thumbnail'><a href='https:\/\/tshwanedje.com\/' data-rel='slide-2' class='slide-image' title='' target=\"_blank\" rel=\"noopener\"><span class='av-partner-fake-img' style='padding-bottom:48%; background-image:url(https:\/\/euralex2018.cjvt.si\/wp-content\/uploads\/sites\/19\/2018\/06\/TshwaneDje-logo.png);'><\/span><\/a><\/div><\/div><\/div><\/div><\/div>\n<div   class='hr hr-default   avia-builder-el-8  el_after_av_three_fifth  el_before_av_one_fourth '><span class='hr-inner ' ><span class='hr-inner-style'><\/span><\/span><\/div>\n<div class=\"flex_column av_one_fourth  flex_column_div av-zero-column-padding first  avia-builder-el-9  el_after_av_hr  avia-builder-el-last  \" style='border-radius:0px; '><div   data-autoplay='false'  data-interval='5'  data-animation='slide'  class='avia-logo-element-container  avia-logo-slider avia-content-slider avia-smallarrow-slider avia-content-slider-active noHover avia-content-slider3 avia-content-slider-odd  avia-builder-el-10  avia-builder-el-no-sibling  ' ><div class='avia-smallarrow-slider-heading '><div class='new-special-heading'><h3 class=''>Kongres podpira:<\/h3><\/div><\/div><div class='avia-content-slider-inner'><div class='slide-entry-wrap' ><div  class='slide-entry flex_column no_margin post-entry slide-entry-overview slide-loop-1 slide-parity-odd  post-entry-last  av_fullwidth first real-thumbnail'><a href='https:\/\/globalex.link\/' data-rel='slide-3' class='slide-image' title='' target=\"_blank\" rel=\"noopener\"><span class='av-partner-fake-img' style='padding-bottom:35.333333333333%; background-image:url(https:\/\/euralex2018.cjvt.si\/wp-content\/uploads\/sites\/19\/2018\/06\/globalex_logo-300x106-1.png);'><\/span><\/a><\/div><\/div><\/div><\/div><\/div>\n","protected":false},"excerpt":{"rendered":"","protected":false},"author":1,"featured_media":0,"parent":58,"menu_order":0,"comment_status":"closed","ping_status":"closed","template":"","meta":{"_acf_changed":false,"_relevanssi_hide_post":"","_relevanssi_hide_content":"","_relevanssi_pin_for_all":"","_relevanssi_pin_keywords":"","_relevanssi_unpin_keywords":"","_relevanssi_related_keywords":"","_relevanssi_related_include_ids":"","_relevanssi_related_exclude_ids":"","_relevanssi_related_no_append":"","_relevanssi_related_not_related":"","_relevanssi_related_posts":"","_relevanssi_noindex_reason":"","inline_featured_image":false,"episode_type":"","audio_file":"","cover_image":"","cover_image_id":"","duration":"","filesize":"","filesize_raw":"","date_recorded":"","explicit":"","block":"","itunes_episode_number":"","itunes_title":"","itunes_season_number":"","itunes_episode_type":"","footnotes":""},"class_list":["post-1920","page","type-page","status-publish","hentry"],"acf":[],"yoast_head":"<!-- This site is optimized with the Yoast SEO plugin v26.9 - https:\/\/yoast.com\/product\/yoast-seo-wordpress\/ -->\n<title>Znanstveni odbor - Euralex 2018<\/title>\n<meta name=\"robots\" content=\"index, follow, max-snippet:-1, max-image-preview:large, max-video-preview:-1\" \/>\n<link rel=\"canonical\" href=\"https:\/\/euralex2018.cjvt.si\/sl\/organizacija\/znanstveni-odbor\/\" \/>\n<meta property=\"og:locale\" content=\"sl_SI\" \/>\n<meta property=\"og:type\" content=\"article\" \/>\n<meta property=\"og:title\" content=\"Znanstveni odbor - Euralex 2018\" \/>\n<meta property=\"og:url\" content=\"https:\/\/euralex2018.cjvt.si\/sl\/organizacija\/znanstveni-odbor\/\" \/>\n<meta property=\"og:site_name\" content=\"Euralex 2018\" \/>\n<meta property=\"article:modified_time\" content=\"2020-08-18T22:26:18+00:00\" \/>\n<meta name=\"twitter:card\" content=\"summary_large_image\" \/>\n<meta name=\"twitter:label1\" content=\"Est. reading time\" \/>\n\t<meta name=\"twitter:data1\" content=\"7 minut\" \/>\n<script type=\"application\/ld+json\" class=\"yoast-schema-graph\">{\"@context\":\"https:\/\/schema.org\",\"@graph\":[{\"@type\":\"WebPage\",\"@id\":\"https:\/\/euralex2018.cjvt.si\/sl\/organizacija\/znanstveni-odbor\/\",\"url\":\"https:\/\/euralex2018.cjvt.si\/sl\/organizacija\/znanstveni-odbor\/\",\"name\":\"Znanstveni odbor - Euralex 2018\",\"isPartOf\":{\"@id\":\"https:\/\/euralex2018.cjvt.si\/sl\/#website\"},\"datePublished\":\"2018-02-25T01:54:32+00:00\",\"dateModified\":\"2020-08-18T22:26:18+00:00\",\"breadcrumb\":{\"@id\":\"https:\/\/euralex2018.cjvt.si\/sl\/organizacija\/znanstveni-odbor\/#breadcrumb\"},\"inLanguage\":\"sl-SI\",\"potentialAction\":[{\"@type\":\"ReadAction\",\"target\":[\"https:\/\/euralex2018.cjvt.si\/sl\/organizacija\/znanstveni-odbor\/\"]}]},{\"@type\":\"BreadcrumbList\",\"@id\":\"https:\/\/euralex2018.cjvt.si\/sl\/organizacija\/znanstveni-odbor\/#breadcrumb\",\"itemListElement\":[{\"@type\":\"ListItem\",\"position\":1,\"name\":\"Home\",\"item\":\"https:\/\/euralex2018.cjvt.si\/sl\/\"},{\"@type\":\"ListItem\",\"position\":2,\"name\":\"Organizacija\",\"item\":\"https:\/\/euralex2018.cjvt.si\/sl\/organizacija\/\"},{\"@type\":\"ListItem\",\"position\":3,\"name\":\"Znanstveni odbor\"}]},{\"@type\":\"WebSite\",\"@id\":\"https:\/\/euralex2018.cjvt.si\/sl\/#website\",\"url\":\"https:\/\/euralex2018.cjvt.si\/sl\/\",\"name\":\"Euralex 2018\",\"description\":\"Euralex 2018\",\"potentialAction\":[{\"@type\":\"SearchAction\",\"target\":{\"@type\":\"EntryPoint\",\"urlTemplate\":\"https:\/\/euralex2018.cjvt.si\/sl\/?s={search_term_string}\"},\"query-input\":{\"@type\":\"PropertyValueSpecification\",\"valueRequired\":true,\"valueName\":\"search_term_string\"}}],\"inLanguage\":\"sl-SI\"}]}<\/script>\n<!-- \/ Yoast SEO plugin. -->","yoast_head_json":{"title":"Znanstveni odbor - Euralex 2018","robots":{"index":"index","follow":"follow","max-snippet":"max-snippet:-1","max-image-preview":"max-image-preview:large","max-video-preview":"max-video-preview:-1"},"canonical":"https:\/\/euralex2018.cjvt.si\/sl\/organizacija\/znanstveni-odbor\/","og_locale":"sl_SI","og_type":"article","og_title":"Znanstveni odbor - Euralex 2018","og_url":"https:\/\/euralex2018.cjvt.si\/sl\/organizacija\/znanstveni-odbor\/","og_site_name":"Euralex 2018","article_modified_time":"2020-08-18T22:26:18+00:00","twitter_card":"summary_large_image","twitter_misc":{"Est. reading time":"7 minut"},"schema":{"@context":"https:\/\/schema.org","@graph":[{"@type":"WebPage","@id":"https:\/\/euralex2018.cjvt.si\/sl\/organizacija\/znanstveni-odbor\/","url":"https:\/\/euralex2018.cjvt.si\/sl\/organizacija\/znanstveni-odbor\/","name":"Znanstveni odbor - Euralex 2018","isPartOf":{"@id":"https:\/\/euralex2018.cjvt.si\/sl\/#website"},"datePublished":"2018-02-25T01:54:32+00:00","dateModified":"2020-08-18T22:26:18+00:00","breadcrumb":{"@id":"https:\/\/euralex2018.cjvt.si\/sl\/organizacija\/znanstveni-odbor\/#breadcrumb"},"inLanguage":"sl-SI","potentialAction":[{"@type":"ReadAction","target":["https:\/\/euralex2018.cjvt.si\/sl\/organizacija\/znanstveni-odbor\/"]}]},{"@type":"BreadcrumbList","@id":"https:\/\/euralex2018.cjvt.si\/sl\/organizacija\/znanstveni-odbor\/#breadcrumb","itemListElement":[{"@type":"ListItem","position":1,"name":"Home","item":"https:\/\/euralex2018.cjvt.si\/sl\/"},{"@type":"ListItem","position":2,"name":"Organizacija","item":"https:\/\/euralex2018.cjvt.si\/sl\/organizacija\/"},{"@type":"ListItem","position":3,"name":"Znanstveni odbor"}]},{"@type":"WebSite","@id":"https:\/\/euralex2018.cjvt.si\/sl\/#website","url":"https:\/\/euralex2018.cjvt.si\/sl\/","name":"Euralex 2018","description":"Euralex 2018","potentialAction":[{"@type":"SearchAction","target":{"@type":"EntryPoint","urlTemplate":"https:\/\/euralex2018.cjvt.si\/sl\/?s={search_term_string}"},"query-input":{"@type":"PropertyValueSpecification","valueRequired":true,"valueName":"search_term_string"}}],"inLanguage":"sl-SI"}]}},"_links":{"self":[{"href":"https:\/\/euralex2018.cjvt.si\/sl\/wp-json\/wp\/v2\/pages\/1920","targetHints":{"allow":["GET"]}}],"collection":[{"href":"https:\/\/euralex2018.cjvt.si\/sl\/wp-json\/wp\/v2\/pages"}],"about":[{"href":"https:\/\/euralex2018.cjvt.si\/sl\/wp-json\/wp\/v2\/types\/page"}],"author":[{"embeddable":true,"href":"https:\/\/euralex2018.cjvt.si\/sl\/wp-json\/wp\/v2\/users\/1"}],"replies":[{"embeddable":true,"href":"https:\/\/euralex2018.cjvt.si\/sl\/wp-json\/wp\/v2\/comments?post=1920"}],"version-history":[{"count":2,"href":"https:\/\/euralex2018.cjvt.si\/sl\/wp-json\/wp\/v2\/pages\/1920\/revisions"}],"predecessor-version":[{"id":3893,"href":"https:\/\/euralex2018.cjvt.si\/sl\/wp-json\/wp\/v2\/pages\/1920\/revisions\/3893"}],"up":[{"embeddable":true,"href":"https:\/\/euralex2018.cjvt.si\/sl\/wp-json\/wp\/v2\/pages\/58"}],"wp:attachment":[{"href":"https:\/\/euralex2018.cjvt.si\/sl\/wp-json\/wp\/v2\/media?parent=1920"}],"curies":[{"name":"wp","href":"https:\/\/api.w.org\/{rel}","templated":true}]}}