{"id":1885,"date":"2018-02-25T01:26:24","date_gmt":"2018-02-25T01:26:24","guid":{"rendered":"http:\/\/euralex2018.cjvt.si\/?page_id=1885"},"modified":"2020-08-18T23:49:34","modified_gmt":"2020-08-18T22:49:34","slug":"potovanje","status":"publish","type":"page","link":"https:\/\/euralex2018.cjvt.si\/sl\/lokacija-nastanitev\/potovanje\/","title":{"rendered":"Potovanje"},"content":{"rendered":"<div class=\"flex_column av_four_fifth  flex_column_div av-zero-column-padding first  avia-builder-el-0  el_before_av_one_fifth  avia-builder-el-first  \" style='border-radius:0px; '><p><div  style='padding-bottom:10px; ' class='av-special-heading av-special-heading-h3    avia-builder-el-1  el_before_av_textblock  avia-builder-el-first  '><h3 class='av-special-heading-tag '  itemprop=\"headline\"  >Prevozi z\/na letali\u0161\u010de:<\/h3><div class='special-heading-border'><div class='special-heading-inner-border' ><\/div><\/div><\/div><br \/>\n<section class=\"av_textblock_section \"  itemscope=\"itemscope\" itemtype=\"https:\/\/schema.org\/CreativeWork\" ><div class='avia_textblock  '   itemprop=\"text\" ><ul>\n<li>GoOpti:\u00a0<a href=\"https:\/\/www.goopti.com\/en\/\">https:\/\/www.goopti.com\/en\/<\/a><\/li>\n<li>Markun Shuttle:\u00a0<a href=\"http:\/\/www.markun-shuttle.com\/en\/\">http:\/\/www.markun-shuttle.com\/en\/<\/a><\/li>\n<li>Zup prevozi:\u00a0<a href=\"http:\/\/www.zup-prevozi.eu\/en.html\" target=\"_blank\" rel=\"noopener noreferrer\">http:\/\/www.zup-prevozi.eu\/en.html<\/a><\/li>\n<li>Evroprevozi:\u00a0<a href=\"http:\/\/www.europrevozi.com\/index.html\">http:\/\/www.europrevozi.com\/index.html<\/a><\/li>\n<\/ul>\n<\/div><\/section><br \/>\n<div  style='padding-bottom:10px; ' class='av-special-heading av-special-heading-h3    avia-builder-el-3  el_after_av_textblock  el_before_av_textblock  '><h3 class='av-special-heading-tag '  itemprop=\"headline\"  >Avtobus z letali\u0161\u010da:<\/h3><div class='special-heading-border'><div class='special-heading-inner-border' ><\/div><\/div><\/div><br \/>\n<section class=\"av_textblock_section \"  itemscope=\"itemscope\" itemtype=\"https:\/\/schema.org\/CreativeWork\" ><div class='avia_textblock  '   itemprop=\"text\" ><ul style=\"text-align: justify;\">\n<li>Avtobus z letali\u0161\u010da v Ljubljano pelje vsako uro. Vozni red je dostopen tu: (vnesite\u00a0<strong>Letali\u0161\u010de Brnik<\/strong>za letali\u0161\u010de in\u00a0<strong>Ljubljana AP<\/strong>\u00a0za glavno \u017eelezni\u0161ko in avtobusno postajo v Ljubljani):\u00a0<a href=\"https:\/\/www.alpetour.si\/en\/public-transport\/bus-schedule-browser\/\">https:\/\/www.alpetour.si\/en\/public-transport\/bus-schedule-browser\/<\/a>.<\/li>\n<\/ul>\n<\/div><\/section><br \/>\n<div  class='avia-image-container  av-styling-    avia-builder-el-5  el_after_av_textblock  el_before_av_heading  avia-align-center '  itemprop=\"image\" itemscope=\"itemscope\" itemtype=\"https:\/\/schema.org\/ImageObject\"  ><div class='avia-image-container-inner'><div class='avia-image-overlay-wrap'><a href='https:\/\/www.alpetour.si\/en\/public-transport\/bus-schedule-browser\/' class='avia_image' target=\"_blank\" rel=\"noopener\"><img class='avia_image ' src='https:\/\/euralex2018.cjvt.si\/wp-content\/uploads\/sites\/19\/2018\/02\/general-bus-timetable.jpg' alt='' title='general-bus-timetable'  itemprop=\"thumbnailUrl\"  \/><\/a><\/div><\/div><\/div><br \/>\n<div  style='padding-bottom:10px; ' class='av-special-heading av-special-heading-h3    avia-builder-el-6  el_after_av_image  el_before_av_textblock  '><h3 class='av-special-heading-tag '  itemprop=\"headline\"  >Taksi storitve:<\/h3><div class='special-heading-border'><div class='special-heading-inner-border' ><\/div><\/div><\/div><br \/>\n<section class=\"av_textblock_section \"  itemscope=\"itemscope\" itemtype=\"https:\/\/schema.org\/CreativeWork\" ><div class='avia_textblock  '   itemprop=\"text\" ><ul>\n<li>Taxi Metro:\u00a0<a href=\"http:\/\/www.taximetro.si\/?page_id=335\">http:\/\/www.taximetro.si\/?page_id=335<\/a><\/li>\n<li>Taxi Laguna:\u00a0<a href=\"http:\/\/www.taxi-laguna.com\/\">http:\/\/www.taxi-laguna.com\/#<\/a><\/li>\n<li>Taxi Intertours:\u00a0<a href=\"http:\/\/www.studentski-taxi.si\/eng\/\" target=\"_blank\" rel=\"noopener noreferrer\">http:\/\/www.studentski-taxi.si\/eng\/<\/a><\/li>\n<\/ul>\n<\/div><\/section><br \/>\n<div  style='padding-bottom:10px; ' class='av-special-heading av-special-heading-h3    avia-builder-el-8  el_after_av_textblock  el_before_av_textblock  '><h3 class='av-special-heading-tag '  itemprop=\"headline\"  >Parkiranje:<\/h3><div class='special-heading-border'><div class='special-heading-inner-border' ><\/div><\/div><\/div><br \/>\n<section class=\"av_textblock_section \"  itemscope=\"itemscope\" itemtype=\"https:\/\/schema.org\/CreativeWork\" ><div class='avia_textblock  '   itemprop=\"text\" ><ul style=\"text-align: justify;\">\n<li><a href=\"https:\/\/www.google.si\/maps\/place\/Parkiri%C5%A1%C4%8De+%C5%BDelezni%C5%A1ka+postaja+Ljubljana+(S%C5%BD-%C5%BDIP)\/@46.0577469,14.5102552,17z\/data=!3m1!4b1!4m5!3m4!1s0x4765329ca09f05b7:0x9a8e7d1b8693cd3f!8m2!3d46.0577469!4d14.5124439\">\u017dele\u017eni\u0161ka postaja<\/a> Ljubljana:\u00a0600 parking spaces. Open all day ( 8 EUR per 12 \u2013 24 hours).<\/li>\n<li>Parkirna hi\u0161a Kozolec: 414 parking spaces (07.00 \u2013 19.00 | 1,20 \u20ac per hour, 19.00 \u2013 07.00 | 1,80 \u20ac per night night):\u00a0<a href=\"http:\/\/www.lpt.si\/parkirisca\/parkirisca_osebna_vozila\/gh_kozolec\">http:\/\/www.lpt.si\/parkirisca\/parkirisca_osebna_vozila\/gh_kozolec<\/a><\/li>\n<li>Parkirna hi\u0161a Trdinova (25 EUR per 24 hours):\u00a0<a href=\"http:\/\/www.parkiraj.si\/parkirne-hise\/parkirna-hise-trdinova\/\">http:\/\/www.parkiraj.si\/parkirne-hise\/parkirna-hise-trdinova\/<\/a><\/li>\n<\/ul>\n<\/div><\/section><\/p><\/div>\n<div class=\"flex_column av_one_fifth  flex_column_div av-zero-column-padding   avia-builder-el-10  el_after_av_four_fifth  el_before_av_hr  \" style='border-radius:0px; '><div  class='avia-builder-widget-area clearfix  avia-builder-el-11  avia-builder-el-no-sibling '><section id=\"newsbox-2\" class=\"widget clearfix newsbox\"><h3 class=\"widgettitle\">Latest news:<\/h3><span class=\"seperator extralight-border\"><\/span><\/section><section id=\"custom_html-2\" class=\"widget_text widget clearfix widget_custom_html\"><div class=\"textwidget custom-html-widget\"><h3>Contact:<\/h3>\r\n<p>\r\n\t<strong>Simon Krek<\/strong>\r\n<\/p>\r\n<br>\r\n<p>\r\n\t<strong>Write to:<\/strong>\r\n<\/p>\r\n<a href=\"&#109;&#97;&#x69;l&#116;&#x6f;&#x3a;e&#117;&#x72;&#x61;l&#101;&#x78;&#x32;0&#49;&#x38;&#x40;s&#101;&#x7a;&#x6e;a&#109;&#x69;&#46;&#99;&#106;&#x76;t&#46;&#x73;&#x69;\">&#x65;&#117;r&#x61;&#108;e&#x78;&#50;0&#x31;&#56;&#64;&#x73;&#101;z&#x6e;&#x61;m&#x69;&#x2e;&#99;&#x6a;&#x76;&#116;&#x2e;&#x73;&#105;<\/a>\r\n<\/div><span class=\"seperator extralight-border\"><\/span><\/section><\/div><\/div>\n<div  style='height:10px' class='hr hr-invisible   avia-builder-el-12  el_after_av_one_fifth  el_before_av_two_fifth '><span class='hr-inner ' ><span class='hr-inner-style'><\/span><\/span><\/div>\n<div class=\"flex_column av_two_fifth  flex_column_div first  avia-builder-el-13  el_after_av_hr  el_before_av_three_fifth  \" style='padding:70px 0px 0px 0px ; border-radius:0px; '><div   data-autoplay='false'  data-interval='5'  data-animation='slide'  class='avia-logo-element-container av-border-deactivate avia-logo-grid avia-content-slider avia-smallarrow-slider avia-content-grid-active noHover avia-content-slider1 avia-content-slider-even  avia-builder-el-14  avia-builder-el-no-sibling  ' ><div class='avia-smallarrow-slider-heading '><div class='new-special-heading'><h3 class=''>Glavni sponzorji:<\/h3><\/div><\/div><div class='avia-content-slider-inner'><div class='slide-entry-wrap' ><div  class='slide-entry flex_column no_margin post-entry slide-entry-overview slide-loop-1 slide-parity-odd  av_one_half first real-thumbnail'><a href='http:\/\/www.hornby-trust.org.uk\/' data-rel='slide-1' class='slide-image' title='' target=\"_blank\" rel=\"noopener\"><span class='av-partner-fake-img' style='padding-bottom:48%; background-image:url(https:\/\/euralex2018.cjvt.si\/wp-content\/uploads\/sites\/19\/2018\/02\/Hornby_Trust_logo-250x120-1.png);'><\/span><\/a><\/div><div  class='slide-entry flex_column no_margin post-entry slide-entry-overview slide-loop-2 slide-parity-even  av_one_half  real-thumbnail'><a href='http:\/\/www.idmgroup.com\/' data-rel='slide-1' class='slide-image' title='' target=\"_blank\" rel=\"noopener\"><span class='av-partner-fake-img' style='padding-bottom:48%; background-image:url(https:\/\/euralex2018.cjvt.si\/wp-content\/uploads\/sites\/19\/2018\/02\/idm-logo-250x120-1.png);'><\/span><\/a><\/div><\/div><div class='slide-entry-wrap' ><div  class='slide-entry flex_column no_margin post-entry slide-entry-overview slide-loop-3 slide-parity-odd  post-entry-last  av_one_half first real-thumbnail'><a href='https:\/\/elex.is\/' data-rel='slide-1' class='slide-image' title='' target=\"_blank\" rel=\"noopener\"><span class='av-partner-fake-img' style='padding-bottom:48%; background-image:url(https:\/\/euralex2018.cjvt.si\/wp-content\/uploads\/sites\/19\/2018\/04\/elexis-logo-250x120-1.png);'><\/span><\/a><\/div><\/div><\/div><\/div><\/div>\n<div class=\"flex_column av_three_fifth  flex_column_div   avia-builder-el-15  el_after_av_two_fifth  el_before_av_hr  \" style='padding:70px 0px 0px 0px ; border-radius:0px; '><div   data-autoplay='false'  data-interval='5'  data-animation='slide'  class='avia-logo-element-container av-border-deactivate avia-logo-grid avia-content-slider avia-smallarrow-slider avia-content-grid-active noHover avia-content-slider2 avia-content-slider-odd  avia-builder-el-16  avia-builder-el-no-sibling  ' ><div class='avia-smallarrow-slider-heading '><div class='new-special-heading'><h3 class=''>Sponzorji:<\/h3><\/div><\/div><div class='avia-content-slider-inner'><div class='slide-entry-wrap' ><div  class='slide-entry flex_column no_margin post-entry slide-entry-overview slide-loop-1 slide-parity-odd  av_one_third first real-thumbnail'><a href='https:\/\/www.oxforddictionaries.com\/' data-rel='slide-2' class='slide-image' title='' target=\"_blank\" rel=\"noopener\"><span class='av-partner-fake-img' style='padding-bottom:48%; background-image:url(https:\/\/euralex2018.cjvt.si\/wp-content\/uploads\/sites\/19\/2018\/02\/oxford-dictionaries-logo-250x120-1.png);'><\/span><\/a><\/div><div  class='slide-entry flex_column no_margin post-entry slide-entry-overview slide-loop-2 slide-parity-even  av_one_third  real-thumbnail'><a href='https:\/\/www.delight-office.si\/' data-rel='slide-2' class='slide-image' title='' target=\"_blank\" rel=\"noopener\"><span class='av-partner-fake-img' style='padding-bottom:48%; background-image:url(https:\/\/euralex2018.cjvt.si\/wp-content\/uploads\/sites\/19\/2018\/05\/delight-250x120-1.png);'><\/span><\/a><\/div><div  class='slide-entry flex_column no_margin post-entry slide-entry-overview slide-loop-3 slide-parity-odd  av_one_third  real-thumbnail'><a href='http:\/\/www.ff.uni-lj.si\/' data-rel='slide-2' class='slide-image' title=''  ><span class='av-partner-fake-img' style='padding-bottom:48%; background-image:url(https:\/\/euralex2018.cjvt.si\/wp-content\/uploads\/sites\/19\/2018\/06\/ff_znak_2-120.png);'><\/span><\/a><\/div><\/div><div class='slide-entry-wrap' ><div  class='slide-entry flex_column no_margin post-entry slide-entry-overview slide-loop-4 slide-parity-odd  av_one_third first real-thumbnail'><a href='http:\/\/www.clarin.si\/info\/o-projektu\/' data-rel='slide-2' class='slide-image' title='' target=\"_blank\" rel=\"noopener\"><span class='av-partner-fake-img' style='padding-bottom:48%; background-image:url(https:\/\/euralex2018.cjvt.si\/wp-content\/uploads\/sites\/19\/2018\/02\/clarin-logo-250x120-1.png);'><\/span><\/a><\/div><div  class='slide-entry flex_column no_margin post-entry slide-entry-overview slide-loop-5 slide-parity-even  av_one_third  real-thumbnail'><a href='http:\/\/www.alpineon.si\/' data-rel='slide-2' class='slide-image' title='' target=\"_blank\" rel=\"noopener\"><span class='av-partner-fake-img' style='padding-bottom:48%; background-image:url(https:\/\/euralex2018.cjvt.si\/wp-content\/uploads\/sites\/19\/2018\/02\/alpineon-logo-250x120-1.png);'><\/span><\/a><\/div><div  class='slide-entry flex_column no_margin post-entry slide-entry-overview slide-loop-6 slide-parity-odd  post-entry-last  av_one_third  real-thumbnail'><a href='https:\/\/tshwanedje.com\/' data-rel='slide-2' class='slide-image' title='' target=\"_blank\" rel=\"noopener\"><span class='av-partner-fake-img' style='padding-bottom:48%; background-image:url(https:\/\/euralex2018.cjvt.si\/wp-content\/uploads\/sites\/19\/2018\/06\/TshwaneDje-logo.png);'><\/span><\/a><\/div><\/div><\/div><\/div><\/div>\n<div   class='hr hr-default   avia-builder-el-17  el_after_av_three_fifth  el_before_av_one_fourth '><span class='hr-inner ' ><span class='hr-inner-style'><\/span><\/span><\/div>\n","protected":false},"excerpt":{"rendered":"","protected":false},"author":1,"featured_media":0,"parent":61,"menu_order":0,"comment_status":"closed","ping_status":"closed","template":"","meta":{"_acf_changed":false,"_relevanssi_hide_post":"","_relevanssi_hide_content":"","_relevanssi_pin_for_all":"","_relevanssi_pin_keywords":"","_relevanssi_unpin_keywords":"","_relevanssi_related_keywords":"","_relevanssi_related_include_ids":"","_relevanssi_related_exclude_ids":"","_relevanssi_related_no_append":"","_relevanssi_related_not_related":"","_relevanssi_related_posts":"","_relevanssi_noindex_reason":"","inline_featured_image":false,"episode_type":"","audio_file":"","cover_image":"","cover_image_id":"","duration":"","filesize":"","filesize_raw":"","date_recorded":"","explicit":"","block":"","itunes_episode_number":"","itunes_title":"","itunes_season_number":"","itunes_episode_type":"","footnotes":""},"class_list":["post-1885","page","type-page","status-publish","hentry"],"acf":[],"yoast_head":"<!-- This site is optimized with the Yoast SEO plugin v26.9 - https:\/\/yoast.com\/product\/yoast-seo-wordpress\/ -->\n<title>Potovanje - Euralex 2018<\/title>\n<meta name=\"robots\" content=\"index, follow, max-snippet:-1, max-image-preview:large, max-video-preview:-1\" \/>\n<link rel=\"canonical\" href=\"https:\/\/euralex2018.cjvt.si\/sl\/lokacija-nastanitev\/potovanje\/\" \/>\n<meta property=\"og:locale\" content=\"sl_SI\" \/>\n<meta property=\"og:type\" content=\"article\" \/>\n<meta property=\"og:title\" content=\"Potovanje - Euralex 2018\" \/>\n<meta property=\"og:url\" content=\"https:\/\/euralex2018.cjvt.si\/sl\/lokacija-nastanitev\/potovanje\/\" \/>\n<meta property=\"og:site_name\" content=\"Euralex 2018\" \/>\n<meta property=\"article:modified_time\" content=\"2020-08-18T22:49:34+00:00\" \/>\n<meta name=\"twitter:card\" content=\"summary_large_image\" \/>\n<meta name=\"twitter:label1\" content=\"Est. reading time\" \/>\n\t<meta name=\"twitter:data1\" content=\"5 minut\" \/>\n<script type=\"application\/ld+json\" class=\"yoast-schema-graph\">{\"@context\":\"https:\/\/schema.org\",\"@graph\":[{\"@type\":\"WebPage\",\"@id\":\"https:\/\/euralex2018.cjvt.si\/sl\/lokacija-nastanitev\/potovanje\/\",\"url\":\"https:\/\/euralex2018.cjvt.si\/sl\/lokacija-nastanitev\/potovanje\/\",\"name\":\"Potovanje - Euralex 2018\",\"isPartOf\":{\"@id\":\"https:\/\/euralex2018.cjvt.si\/sl\/#website\"},\"datePublished\":\"2018-02-25T01:26:24+00:00\",\"dateModified\":\"2020-08-18T22:49:34+00:00\",\"breadcrumb\":{\"@id\":\"https:\/\/euralex2018.cjvt.si\/sl\/lokacija-nastanitev\/potovanje\/#breadcrumb\"},\"inLanguage\":\"sl-SI\",\"potentialAction\":[{\"@type\":\"ReadAction\",\"target\":[\"https:\/\/euralex2018.cjvt.si\/sl\/lokacija-nastanitev\/potovanje\/\"]}]},{\"@type\":\"BreadcrumbList\",\"@id\":\"https:\/\/euralex2018.cjvt.si\/sl\/lokacija-nastanitev\/potovanje\/#breadcrumb\",\"itemListElement\":[{\"@type\":\"ListItem\",\"position\":1,\"name\":\"Home\",\"item\":\"https:\/\/euralex2018.cjvt.si\/sl\/\"},{\"@type\":\"ListItem\",\"position\":2,\"name\":\"Lokacija in nastanitev\",\"item\":\"https:\/\/euralex2018.cjvt.si\/sl\/lokacija-nastanitev\/\"},{\"@type\":\"ListItem\",\"position\":3,\"name\":\"Potovanje\"}]},{\"@type\":\"WebSite\",\"@id\":\"https:\/\/euralex2018.cjvt.si\/sl\/#website\",\"url\":\"https:\/\/euralex2018.cjvt.si\/sl\/\",\"name\":\"Euralex 2018\",\"description\":\"Euralex 2018\",\"potentialAction\":[{\"@type\":\"SearchAction\",\"target\":{\"@type\":\"EntryPoint\",\"urlTemplate\":\"https:\/\/euralex2018.cjvt.si\/sl\/?s={search_term_string}\"},\"query-input\":{\"@type\":\"PropertyValueSpecification\",\"valueRequired\":true,\"valueName\":\"search_term_string\"}}],\"inLanguage\":\"sl-SI\"}]}<\/script>\n<!-- \/ Yoast SEO plugin. -->","yoast_head_json":{"title":"Potovanje - Euralex 2018","robots":{"index":"index","follow":"follow","max-snippet":"max-snippet:-1","max-image-preview":"max-image-preview:large","max-video-preview":"max-video-preview:-1"},"canonical":"https:\/\/euralex2018.cjvt.si\/sl\/lokacija-nastanitev\/potovanje\/","og_locale":"sl_SI","og_type":"article","og_title":"Potovanje - Euralex 2018","og_url":"https:\/\/euralex2018.cjvt.si\/sl\/lokacija-nastanitev\/potovanje\/","og_site_name":"Euralex 2018","article_modified_time":"2020-08-18T22:49:34+00:00","twitter_card":"summary_large_image","twitter_misc":{"Est. reading time":"5 minut"},"schema":{"@context":"https:\/\/schema.org","@graph":[{"@type":"WebPage","@id":"https:\/\/euralex2018.cjvt.si\/sl\/lokacija-nastanitev\/potovanje\/","url":"https:\/\/euralex2018.cjvt.si\/sl\/lokacija-nastanitev\/potovanje\/","name":"Potovanje - Euralex 2018","isPartOf":{"@id":"https:\/\/euralex2018.cjvt.si\/sl\/#website"},"datePublished":"2018-02-25T01:26:24+00:00","dateModified":"2020-08-18T22:49:34+00:00","breadcrumb":{"@id":"https:\/\/euralex2018.cjvt.si\/sl\/lokacija-nastanitev\/potovanje\/#breadcrumb"},"inLanguage":"sl-SI","potentialAction":[{"@type":"ReadAction","target":["https:\/\/euralex2018.cjvt.si\/sl\/lokacija-nastanitev\/potovanje\/"]}]},{"@type":"BreadcrumbList","@id":"https:\/\/euralex2018.cjvt.si\/sl\/lokacija-nastanitev\/potovanje\/#breadcrumb","itemListElement":[{"@type":"ListItem","position":1,"name":"Home","item":"https:\/\/euralex2018.cjvt.si\/sl\/"},{"@type":"ListItem","position":2,"name":"Lokacija in nastanitev","item":"https:\/\/euralex2018.cjvt.si\/sl\/lokacija-nastanitev\/"},{"@type":"ListItem","position":3,"name":"Potovanje"}]},{"@type":"WebSite","@id":"https:\/\/euralex2018.cjvt.si\/sl\/#website","url":"https:\/\/euralex2018.cjvt.si\/sl\/","name":"Euralex 2018","description":"Euralex 2018","potentialAction":[{"@type":"SearchAction","target":{"@type":"EntryPoint","urlTemplate":"https:\/\/euralex2018.cjvt.si\/sl\/?s={search_term_string}"},"query-input":{"@type":"PropertyValueSpecification","valueRequired":true,"valueName":"search_term_string"}}],"inLanguage":"sl-SI"}]}},"_links":{"self":[{"href":"https:\/\/euralex2018.cjvt.si\/sl\/wp-json\/wp\/v2\/pages\/1885","targetHints":{"allow":["GET"]}}],"collection":[{"href":"https:\/\/euralex2018.cjvt.si\/sl\/wp-json\/wp\/v2\/pages"}],"about":[{"href":"https:\/\/euralex2018.cjvt.si\/sl\/wp-json\/wp\/v2\/types\/page"}],"author":[{"embeddable":true,"href":"https:\/\/euralex2018.cjvt.si\/sl\/wp-json\/wp\/v2\/users\/1"}],"replies":[{"embeddable":true,"href":"https:\/\/euralex2018.cjvt.si\/sl\/wp-json\/wp\/v2\/comments?post=1885"}],"version-history":[{"count":2,"href":"https:\/\/euralex2018.cjvt.si\/sl\/wp-json\/wp\/v2\/pages\/1885\/revisions"}],"predecessor-version":[{"id":3935,"href":"https:\/\/euralex2018.cjvt.si\/sl\/wp-json\/wp\/v2\/pages\/1885\/revisions\/3935"}],"up":[{"embeddable":true,"href":"https:\/\/euralex2018.cjvt.si\/sl\/wp-json\/wp\/v2\/pages\/61"}],"wp:attachment":[{"href":"https:\/\/euralex2018.cjvt.si\/sl\/wp-json\/wp\/v2\/media?parent=1885"}],"curies":[{"name":"wp","href":"https:\/\/api.w.org\/{rel}","templated":true}]}}