{"id":1166,"date":"2018-02-22T12:16:18","date_gmt":"2018-02-22T12:16:18","guid":{"rendered":"http:\/\/euralex2018.cjvt.si\/?page_id=1166"},"modified":"2020-08-18T23:23:29","modified_gmt":"2020-08-18T22:23:29","slug":"program","status":"publish","type":"page","link":"https:\/\/euralex2018.cjvt.si\/sl\/program\/","title":{"rendered":"Program"},"content":{"rendered":"<div class=\"flex_column av_one_fifth  flex_column_div av-zero-column-padding first  avia-builder-el-0  el_before_av_three_fifth  avia-builder-el-first  \" style='border-radius:0px; '><p><div  style='padding-bottom:10px; ' class='av-special-heading av-special-heading-h3    avia-builder-el-1  el_before_av_textblock  avia-builder-el-first  '><h3 class='av-special-heading-tag '  itemprop=\"headline\"  >Program<\/h3><div class='special-heading-border'><div class='special-heading-inner-border' ><\/div><\/div><\/div><br \/>\n<section class=\"av_textblock_section \"  itemscope=\"itemscope\" itemtype=\"https:\/\/schema.org\/CreativeWork\" ><div class='avia_textblock  '   itemprop=\"text\" ><section class=\"av_textblock_section\">\n<div class=\"avia_textblock \">\n<p><a href=\"http:\/\/euralex2018.cjvt.si\/sl\/program\/program-kongresa\/\">Program kongresa<\/a><\/p>\n<p><a href=\"http:\/\/euralex2018.cjvt.si\/wp-content\/uploads\/sites\/6\/2018\/07\/Euralex-programme-v13-2018-07-18.pdf\">Prenos PDF dokumenta<\/a><\/p>\n<\/div>\n<\/section>\n<\/div><\/section><br \/>\n<div  class='avia-image-container  av-styling-    avia-builder-el-3  el_after_av_textblock  avia-builder-el-last  avia-align-left '  itemprop=\"image\" itemscope=\"itemscope\" itemtype=\"https:\/\/schema.org\/ImageObject\"  ><div class='avia-image-container-inner'><div class='avia-image-overlay-wrap'><img class='avia_image' src='https:\/\/euralex2018.cjvt.si\/wp-content\/uploads\/sites\/19\/2017\/06\/euralex_logo_black_green_transparent-1-300x212.png' alt='' title='euralex_logo_black_green_transparent' height=\"212\" width=\"300\"  itemprop=\"thumbnailUrl\"  \/><\/div><\/div><\/div><\/p><\/div><div class=\"flex_column av_three_fifth  flex_column_div av-zero-column-padding   avia-builder-el-4  el_after_av_one_fifth  el_before_av_one_fifth  \" style='border-radius:0px; '><p><div  style='padding-bottom:10px; ' class='av-special-heading av-special-heading-h3    avia-builder-el-5  el_before_av_hr  avia-builder-el-first  '><h3 class='av-special-heading-tag '  itemprop=\"headline\"  >Glavni predavatelji<\/h3><div class='special-heading-border'><div class='special-heading-inner-border' ><\/div><\/div><\/div><br \/>\n<div  style='height:20px' class='hr hr-invisible   avia-builder-el-6  el_after_av_heading  el_before_av_gallery '><span class='hr-inner ' ><span class='hr-inner-style'><\/span><\/span><\/div><br \/>\n<div  class='avia-gallery  avia-gallery-1 avia_lazyload avia-gallery-animate avia_animate_when_visible  avia-builder-el-7  el_after_av_hr  el_before_av_hr '  itemprop=\"image\" itemscope=\"itemscope\" itemtype=\"https:\/\/schema.org\/ImageObject\" ><div class='avia-gallery-thumb'> <a href='https:\/\/euralex2018.cjvt.si\/wp-content\/uploads\/sites\/19\/2018\/02\/sylviane-granger-220x220-1.jpg' data-rel='gallery-1' data-prev-img='https:\/\/euralex2018.cjvt.si\/wp-content\/uploads\/sites\/19\/2018\/02\/sylviane-granger-220x220-1.jpg' class='first_thumb avianolink noLightbox ' data-onclick='1' title='Sylviane Granger'  itemprop=\"thumbnailUrl\" ><img data-avia-tooltip='Sylviane Granger' src='https:\/\/euralex2018.cjvt.si\/wp-content\/uploads\/sites\/19\/2018\/02\/sylviane-granger-220x220-1.jpg' width='220' height='220'  title='sylviane-granger-220x220' alt='' \/><\/a> <a href='https:\/\/euralex2018.cjvt.si\/wp-content\/uploads\/sites\/19\/2018\/02\/lars-trap-jensen-220x220-1.jpg' data-rel='gallery-1' data-prev-img='https:\/\/euralex2018.cjvt.si\/wp-content\/uploads\/sites\/19\/2018\/02\/lars-trap-jensen-220x220-1.jpg' class='avianolink noLightbox ' data-onclick='2' title='Lars Trap-Jensen'  itemprop=\"thumbnailUrl\" ><img data-avia-tooltip=' Lars Trap-Jensen' src='https:\/\/euralex2018.cjvt.si\/wp-content\/uploads\/sites\/19\/2018\/02\/lars-trap-jensen-220x220-1.jpg' width='220' height='220'  title='lars-trap-jensen-220x220' alt='' \/><\/a> <a href='https:\/\/euralex2018.cjvt.si\/wp-content\/uploads\/sites\/19\/2018\/02\/judy-pearsall-220x220-1.jpg' data-rel='gallery-1' data-prev-img='https:\/\/euralex2018.cjvt.si\/wp-content\/uploads\/sites\/19\/2018\/02\/judy-pearsall-220x220-1.jpg' class='avianolink noLightbox ' data-onclick='3' title='Judy Pearsall'  itemprop=\"thumbnailUrl\" ><img data-avia-tooltip=' Judy Pearsall' src='https:\/\/euralex2018.cjvt.si\/wp-content\/uploads\/sites\/19\/2018\/02\/judy-pearsall-220x220-1.jpg' width='220' height='220'  title='judy-pearsall-220x220' alt='' \/><\/a> <a href='https:\/\/euralex2018.cjvt.si\/wp-content\/uploads\/sites\/19\/2018\/04\/edward-finegan.jpg' data-rel='gallery-1' data-prev-img='https:\/\/euralex2018.cjvt.si\/wp-content\/uploads\/sites\/19\/2018\/04\/edward-finegan.jpg' class='avianolink noLightbox ' data-onclick='4' title='Edward Finegan'  itemprop=\"thumbnailUrl\" ><img data-avia-tooltip='Edward Finegan' src='https:\/\/euralex2018.cjvt.si\/wp-content\/uploads\/sites\/19\/2018\/04\/edward-finegan.jpg' width='220' height='220'  title='edward-finegan' alt='' \/><\/a><\/div><\/div><br \/>\n<div  style='height:20px' class='hr hr-invisible   avia-builder-el-8  el_after_av_gallery  el_before_av_textblock '><span class='hr-inner ' ><span class='hr-inner-style'><\/span><\/span><\/div><br \/>\n<section class=\"av_textblock_section \"  itemscope=\"itemscope\" itemtype=\"https:\/\/schema.org\/CreativeWork\" ><div class='avia_textblock  '   itemprop=\"text\" ><p style=\"text-align: center;\"><a href=\"http:\/\/euralex2018.cjvt.si\/sl\/program\/glavni-predavatelji\/#sylviane\">Sylviane Granger<\/a> | <a href=\"http:\/\/euralex2018.cjvt.si\/sl\/program\/glavni-predavatelji\/#lars\">Lars Trap-Jensen<\/a> | <a href=\"http:\/\/euralex2018.cjvt.si\/sl\/program\/glavni-predavatelji\/#judy\">Judy Pearsall<\/a> | <a href=\"http:\/\/euralex2018.cjvt.si\/sl\/program\/glavni-predavatelji\/#edward\">Edward Finegan<\/a><\/p>\n<\/div><\/section><br \/>\n<section class=\"av_textblock_section \"  itemscope=\"itemscope\" itemtype=\"https:\/\/schema.org\/CreativeWork\" ><div class='avia_textblock  '   itemprop=\"text\" ><p>Povzetki:<\/p>\n<\/div><\/section><br \/>\n<\/p><\/div><\/p>\n<div class=\"flex_column av_one_fifth  flex_column_div av-zero-column-padding   avia-builder-el-12  el_after_av_three_fifth  el_before_av_two_fifth  \" style='border-radius:0px; '><div  class='avia-builder-widget-area clearfix  avia-builder-el-13  avia-builder-el-no-sibling '><section id=\"custom_html-3\" class=\"widget_text widget clearfix widget_custom_html\"><div class=\"textwidget custom-html-widget\"><h3>Kontakt:<\/h3>\r\n<p>\r\n\t<strong>Simon Krek<\/strong>\r\n<\/p>\r\n<br>\r\n<p>\r\n\t<strong>Pi\u0161ite na:<\/strong>\r\n<\/p>\r\n<a href=\"m&#97;&#x69;&#x6c;t&#111;&#58;&#x65;&#x75;r&#97;&#x6c;&#x65;x&#50;&#48;&#x31;&#x38;&#64;&#115;&#x65;&#x7a;n&#97;&#109;&#x69;&#x2e;c&#106;&#x76;&#x74;&#46;&#115;&#105;\">&#x65;&#117;&#x72;&#x61;&#108;&#x65;&#120;2&#x30;&#49;8&#x40;&#115;e&#x7a;&#110;a&#x6d;&#105;&#x2e;&#x63;&#106;&#x76;&#x74;&#46;&#x73;&#105;<\/a>\r\n<hr>\r\n<p>\r\n\t<strong>\u010ce se \u017eelite naro\u010diti na novice o kongresu, kliknite na spodnjo povezavo:<\/strong>\r\n<\/p>\r\n\r\n<a href=\"http:\/\/seznami.cjvt.si\/postorius\/lists\/euralex2018-news.seznami.cjvt.si\/\">Novice o Euralex 2018<\/a><\/div><span class=\"seperator extralight-border\"><\/span><\/section><\/div><\/div>\n<div class=\"flex_column av_two_fifth  flex_column_div first  avia-builder-el-14  el_after_av_one_fifth  el_before_av_three_fifth  column-top-margin\" style='padding:70px 0px 0px 0px ; border-radius:0px; '><div   data-autoplay='false'  data-interval='5'  data-animation='slide'  class='avia-logo-element-container av-border-deactivate avia-logo-grid avia-content-slider avia-smallarrow-slider avia-content-grid-active noHover avia-content-slider1 avia-content-slider-even  avia-builder-el-15  avia-builder-el-no-sibling  ' ><div class='avia-smallarrow-slider-heading '><div class='new-special-heading'><h3 class=''>Glavni sponzorji:<\/h3><\/div><\/div><div class='avia-content-slider-inner'><div class='slide-entry-wrap' ><div  class='slide-entry flex_column no_margin post-entry slide-entry-overview slide-loop-1 slide-parity-odd  av_one_half first real-thumbnail'><a href='http:\/\/www.hornby-trust.org.uk\/' data-rel='slide-1' class='slide-image' title='' target=\"_blank\" rel=\"noopener\"><span class='av-partner-fake-img' style='padding-bottom:48%; background-image:url(https:\/\/euralex2018.cjvt.si\/wp-content\/uploads\/sites\/19\/2018\/02\/Hornby_Trust_logo-250x120-1.png);'><\/span><\/a><\/div><div  class='slide-entry flex_column no_margin post-entry slide-entry-overview slide-loop-2 slide-parity-even  av_one_half  real-thumbnail'><a href='http:\/\/www.idmgroup.com\/' data-rel='slide-1' class='slide-image' title='' target=\"_blank\" rel=\"noopener\"><span class='av-partner-fake-img' style='padding-bottom:48%; background-image:url(https:\/\/euralex2018.cjvt.si\/wp-content\/uploads\/sites\/19\/2018\/02\/idm-logo-250x120-1.png);'><\/span><\/a><\/div><\/div><div class='slide-entry-wrap' ><div  class='slide-entry flex_column no_margin post-entry slide-entry-overview slide-loop-3 slide-parity-odd  post-entry-last  av_one_half first real-thumbnail'><a href='https:\/\/elex.is\/' data-rel='slide-1' class='slide-image' title='' target=\"_blank\" rel=\"noopener\"><span class='av-partner-fake-img' style='padding-bottom:48%; background-image:url(https:\/\/euralex2018.cjvt.si\/wp-content\/uploads\/sites\/19\/2018\/04\/elexis-logo-250x120-1.png);'><\/span><\/a><\/div><\/div><\/div><\/div><\/div>\n<div class=\"flex_column av_three_fifth  flex_column_div   avia-builder-el-16  el_after_av_two_fifth  el_before_av_hr  column-top-margin\" style='padding:70px 0px 0px 0px ; border-radius:0px; '><div   data-autoplay='false'  data-interval='5'  data-animation='slide'  class='avia-logo-element-container av-border-deactivate avia-logo-grid avia-content-slider avia-smallarrow-slider avia-content-grid-active noHover avia-content-slider2 avia-content-slider-odd  avia-builder-el-17  avia-builder-el-no-sibling  ' ><div class='avia-smallarrow-slider-heading '><div class='new-special-heading'><h3 class=''>Sponzorji:<\/h3><\/div><\/div><div class='avia-content-slider-inner'><div class='slide-entry-wrap' ><div  class='slide-entry flex_column no_margin post-entry slide-entry-overview slide-loop-1 slide-parity-odd  av_one_third first real-thumbnail'><a href='https:\/\/www.oxforddictionaries.com\/' data-rel='slide-2' class='slide-image' title='' target=\"_blank\" rel=\"noopener\"><span class='av-partner-fake-img' style='padding-bottom:48%; background-image:url(https:\/\/euralex2018.cjvt.si\/wp-content\/uploads\/sites\/19\/2018\/02\/oxford-dictionaries-logo-250x120-1.png);'><\/span><\/a><\/div><div  class='slide-entry flex_column no_margin post-entry slide-entry-overview slide-loop-2 slide-parity-even  av_one_third  real-thumbnail'><a href='https:\/\/www.delight-office.si\/' data-rel='slide-2' class='slide-image' title='' target=\"_blank\" rel=\"noopener\"><span class='av-partner-fake-img' style='padding-bottom:48%; background-image:url(https:\/\/euralex2018.cjvt.si\/wp-content\/uploads\/sites\/19\/2018\/05\/delight-250x120-1.png);'><\/span><\/a><\/div><div  class='slide-entry flex_column no_margin post-entry slide-entry-overview slide-loop-3 slide-parity-odd  av_one_third  real-thumbnail'><a href='http:\/\/www.ff.uni-lj.si\/' data-rel='slide-2' class='slide-image' title=''  ><span class='av-partner-fake-img' style='padding-bottom:48%; background-image:url(https:\/\/euralex2018.cjvt.si\/wp-content\/uploads\/sites\/19\/2018\/06\/ff_znak_2-120.png);'><\/span><\/a><\/div><\/div><div class='slide-entry-wrap' ><div  class='slide-entry flex_column no_margin post-entry slide-entry-overview slide-loop-4 slide-parity-odd  av_one_third first real-thumbnail'><a href='http:\/\/www.clarin.si\/info\/o-projektu\/' data-rel='slide-2' class='slide-image' title='' target=\"_blank\" rel=\"noopener\"><span class='av-partner-fake-img' style='padding-bottom:48%; background-image:url(https:\/\/euralex2018.cjvt.si\/wp-content\/uploads\/sites\/19\/2018\/02\/clarin-logo-250x120-1.png);'><\/span><\/a><\/div><div  class='slide-entry flex_column no_margin post-entry slide-entry-overview slide-loop-5 slide-parity-even  av_one_third  real-thumbnail'><a href='http:\/\/www.alpineon.si\/' data-rel='slide-2' class='slide-image' title='' target=\"_blank\" rel=\"noopener\"><span class='av-partner-fake-img' style='padding-bottom:48%; background-image:url(https:\/\/euralex2018.cjvt.si\/wp-content\/uploads\/sites\/19\/2018\/02\/alpineon-logo-250x120-1.png);'><\/span><\/a><\/div><div  class='slide-entry flex_column no_margin post-entry slide-entry-overview slide-loop-6 slide-parity-odd  post-entry-last  av_one_third  real-thumbnail'><a href='https:\/\/tshwanedje.com\/' data-rel='slide-2' class='slide-image' title='' target=\"_blank\" rel=\"noopener\"><span class='av-partner-fake-img' style='padding-bottom:48%; background-image:url(https:\/\/euralex2018.cjvt.si\/wp-content\/uploads\/sites\/19\/2018\/06\/TshwaneDje-logo.png);'><\/span><\/a><\/div><\/div><\/div><\/div><\/div>\n<div   class='hr hr-default   avia-builder-el-18  el_after_av_three_fifth  el_before_av_one_fourth '><span class='hr-inner ' ><span class='hr-inner-style'><\/span><\/span><\/div>\n<div class=\"flex_column av_one_fourth  flex_column_div av-zero-column-padding first  avia-builder-el-19  el_after_av_hr  avia-builder-el-last  \" style='border-radius:0px; '><div   data-autoplay='false'  data-interval='5'  data-animation='slide'  class='avia-logo-element-container  avia-logo-slider avia-content-slider avia-smallarrow-slider avia-content-slider-active noHover avia-content-slider3 avia-content-slider-odd  avia-builder-el-20  avia-builder-el-no-sibling  ' ><div class='avia-smallarrow-slider-heading '><div class='new-special-heading'><h3 class=''>Kongres podpira:<\/h3><\/div><\/div><div class='avia-content-slider-inner'><div class='slide-entry-wrap' ><div  class='slide-entry flex_column no_margin post-entry slide-entry-overview slide-loop-1 slide-parity-odd  post-entry-last  av_fullwidth first real-thumbnail'><a href='https:\/\/globalex.link\/' data-rel='slide-3' class='slide-image' title='' target=\"_blank\" rel=\"noopener\"><span class='av-partner-fake-img' style='padding-bottom:35.333333333333%; background-image:url(https:\/\/euralex2018.cjvt.si\/wp-content\/uploads\/sites\/19\/2018\/06\/globalex_logo-300x106-1.png);'><\/span><\/a><\/div><\/div><\/div><\/div><\/div>\n","protected":false},"excerpt":{"rendered":"","protected":false},"author":6,"featured_media":0,"parent":0,"menu_order":0,"comment_status":"closed","ping_status":"closed","template":"","meta":{"_acf_changed":false,"_relevanssi_hide_post":"","_relevanssi_hide_content":"","_relevanssi_pin_for_all":"","_relevanssi_pin_keywords":"","_relevanssi_unpin_keywords":"","_relevanssi_related_keywords":"","_relevanssi_related_include_ids":"","_relevanssi_related_exclude_ids":"","_relevanssi_related_no_append":"","_relevanssi_related_not_related":"","_relevanssi_related_posts":"","_relevanssi_noindex_reason":"","inline_featured_image":false,"episode_type":"","audio_file":"","cover_image":"","cover_image_id":"","duration":"","filesize":"","filesize_raw":"","date_recorded":"","explicit":"","block":"","itunes_episode_number":"","itunes_title":"","itunes_season_number":"","itunes_episode_type":"","footnotes":""},"class_list":["post-1166","page","type-page","status-publish","hentry"],"acf":[],"yoast_head":"<!-- This site is optimized with the Yoast SEO plugin v26.9 - https:\/\/yoast.com\/product\/yoast-seo-wordpress\/ -->\n<title>Program - Euralex 2018<\/title>\n<meta name=\"robots\" content=\"index, follow, max-snippet:-1, max-image-preview:large, max-video-preview:-1\" \/>\n<link rel=\"canonical\" href=\"https:\/\/euralex2018.cjvt.si\/sl\/program\/\" \/>\n<meta property=\"og:locale\" content=\"sl_SI\" \/>\n<meta property=\"og:type\" content=\"article\" \/>\n<meta property=\"og:title\" content=\"Program - Euralex 2018\" \/>\n<meta property=\"og:url\" content=\"https:\/\/euralex2018.cjvt.si\/sl\/program\/\" \/>\n<meta property=\"og:site_name\" content=\"Euralex 2018\" \/>\n<meta property=\"article:modified_time\" content=\"2020-08-18T22:23:29+00:00\" \/>\n<meta name=\"twitter:card\" content=\"summary_large_image\" \/>\n<meta name=\"twitter:label1\" content=\"Est. reading time\" \/>\n\t<meta name=\"twitter:data1\" content=\"5 minut\" \/>\n<script type=\"application\/ld+json\" class=\"yoast-schema-graph\">{\"@context\":\"https:\/\/schema.org\",\"@graph\":[{\"@type\":\"WebPage\",\"@id\":\"https:\/\/euralex2018.cjvt.si\/sl\/program\/\",\"url\":\"https:\/\/euralex2018.cjvt.si\/sl\/program\/\",\"name\":\"Program - Euralex 2018\",\"isPartOf\":{\"@id\":\"https:\/\/euralex2018.cjvt.si\/sl\/#website\"},\"datePublished\":\"2018-02-22T12:16:18+00:00\",\"dateModified\":\"2020-08-18T22:23:29+00:00\",\"breadcrumb\":{\"@id\":\"https:\/\/euralex2018.cjvt.si\/sl\/program\/#breadcrumb\"},\"inLanguage\":\"sl-SI\",\"potentialAction\":[{\"@type\":\"ReadAction\",\"target\":[\"https:\/\/euralex2018.cjvt.si\/sl\/program\/\"]}]},{\"@type\":\"BreadcrumbList\",\"@id\":\"https:\/\/euralex2018.cjvt.si\/sl\/program\/#breadcrumb\",\"itemListElement\":[{\"@type\":\"ListItem\",\"position\":1,\"name\":\"Home\",\"item\":\"https:\/\/euralex2018.cjvt.si\/sl\/\"},{\"@type\":\"ListItem\",\"position\":2,\"name\":\"Program\"}]},{\"@type\":\"WebSite\",\"@id\":\"https:\/\/euralex2018.cjvt.si\/sl\/#website\",\"url\":\"https:\/\/euralex2018.cjvt.si\/sl\/\",\"name\":\"Euralex 2018\",\"description\":\"Euralex 2018\",\"potentialAction\":[{\"@type\":\"SearchAction\",\"target\":{\"@type\":\"EntryPoint\",\"urlTemplate\":\"https:\/\/euralex2018.cjvt.si\/sl\/?s={search_term_string}\"},\"query-input\":{\"@type\":\"PropertyValueSpecification\",\"valueRequired\":true,\"valueName\":\"search_term_string\"}}],\"inLanguage\":\"sl-SI\"}]}<\/script>\n<!-- \/ Yoast SEO plugin. -->","yoast_head_json":{"title":"Program - Euralex 2018","robots":{"index":"index","follow":"follow","max-snippet":"max-snippet:-1","max-image-preview":"max-image-preview:large","max-video-preview":"max-video-preview:-1"},"canonical":"https:\/\/euralex2018.cjvt.si\/sl\/program\/","og_locale":"sl_SI","og_type":"article","og_title":"Program - Euralex 2018","og_url":"https:\/\/euralex2018.cjvt.si\/sl\/program\/","og_site_name":"Euralex 2018","article_modified_time":"2020-08-18T22:23:29+00:00","twitter_card":"summary_large_image","twitter_misc":{"Est. reading time":"5 minut"},"schema":{"@context":"https:\/\/schema.org","@graph":[{"@type":"WebPage","@id":"https:\/\/euralex2018.cjvt.si\/sl\/program\/","url":"https:\/\/euralex2018.cjvt.si\/sl\/program\/","name":"Program - Euralex 2018","isPartOf":{"@id":"https:\/\/euralex2018.cjvt.si\/sl\/#website"},"datePublished":"2018-02-22T12:16:18+00:00","dateModified":"2020-08-18T22:23:29+00:00","breadcrumb":{"@id":"https:\/\/euralex2018.cjvt.si\/sl\/program\/#breadcrumb"},"inLanguage":"sl-SI","potentialAction":[{"@type":"ReadAction","target":["https:\/\/euralex2018.cjvt.si\/sl\/program\/"]}]},{"@type":"BreadcrumbList","@id":"https:\/\/euralex2018.cjvt.si\/sl\/program\/#breadcrumb","itemListElement":[{"@type":"ListItem","position":1,"name":"Home","item":"https:\/\/euralex2018.cjvt.si\/sl\/"},{"@type":"ListItem","position":2,"name":"Program"}]},{"@type":"WebSite","@id":"https:\/\/euralex2018.cjvt.si\/sl\/#website","url":"https:\/\/euralex2018.cjvt.si\/sl\/","name":"Euralex 2018","description":"Euralex 2018","potentialAction":[{"@type":"SearchAction","target":{"@type":"EntryPoint","urlTemplate":"https:\/\/euralex2018.cjvt.si\/sl\/?s={search_term_string}"},"query-input":{"@type":"PropertyValueSpecification","valueRequired":true,"valueName":"search_term_string"}}],"inLanguage":"sl-SI"}]}},"_links":{"self":[{"href":"https:\/\/euralex2018.cjvt.si\/sl\/wp-json\/wp\/v2\/pages\/1166","targetHints":{"allow":["GET"]}}],"collection":[{"href":"https:\/\/euralex2018.cjvt.si\/sl\/wp-json\/wp\/v2\/pages"}],"about":[{"href":"https:\/\/euralex2018.cjvt.si\/sl\/wp-json\/wp\/v2\/types\/page"}],"author":[{"embeddable":true,"href":"https:\/\/euralex2018.cjvt.si\/sl\/wp-json\/wp\/v2\/users\/6"}],"replies":[{"embeddable":true,"href":"https:\/\/euralex2018.cjvt.si\/sl\/wp-json\/wp\/v2\/comments?post=1166"}],"version-history":[{"count":2,"href":"https:\/\/euralex2018.cjvt.si\/sl\/wp-json\/wp\/v2\/pages\/1166\/revisions"}],"predecessor-version":[{"id":3880,"href":"https:\/\/euralex2018.cjvt.si\/sl\/wp-json\/wp\/v2\/pages\/1166\/revisions\/3880"}],"wp:attachment":[{"href":"https:\/\/euralex2018.cjvt.si\/sl\/wp-json\/wp\/v2\/media?parent=1166"}],"curies":[{"name":"wp","href":"https:\/\/api.w.org\/{rel}","templated":true}]}}